{"id":5001,"date":"2023-08-01T17:02:39","date_gmt":"2023-08-01T15:02:39","guid":{"rendered":"https:\/\/icatmar.cat\/oceanografia-operacional\/climatologia-de-corrientes\/"},"modified":"2023-08-03T09:42:57","modified_gmt":"2023-08-03T07:42:57","slug":"climatologia-de-corrientes","status":"publish","type":"page","link":"https:\/\/www.icatmar.cat\/es\/oceanografia-operacional\/climatologia-de-corrientes\/","title":{"rendered":"climatolog\u00eda de corrientes"},"content":{"rendered":"\t\t<div data-elementor-type=\"wp-page\" data-elementor-id=\"5001\" class=\"elementor elementor-5001 elementor-4781\" data-elementor-post-type=\"page\">\n\t\t\t\t<div class=\"elementor-element elementor-element-25546508 e-con-full e-flex e-con e-parent\" data-id=\"25546508\" data-element_type=\"container\" data-e-type=\"container\" data-settings=\"{&quot;background_background&quot;:&quot;classic&quot;}\">\n\t\t<div class=\"elementor-element elementor-element-e44d7b0 e-con-full e-flex e-con e-parent\" data-id=\"e44d7b0\" data-element_type=\"container\" data-e-type=\"container\" data-settings=\"{&quot;background_background&quot;:&quot;classic&quot;}\">\n\t\t\t\t<div class=\"elementor-element elementor-element-50d3d185 elementor-widget elementor-widget-theme-post-title elementor-page-title elementor-widget-heading\" data-id=\"50d3d185\" data-element_type=\"widget\" data-e-type=\"widget\" data-widget_type=\"theme-post-title.default\">\n\t\t\t\t<div class=\"elementor-widget-container\">\n\t\t\t\t\t<h1 class=\"elementor-heading-title elementor-size-default\">climatolog\u00eda de corrientes<\/h1>\t\t\t\t<\/div>\n\t\t\t\t<\/div>\n\t\t\t\t<div class=\"elementor-element elementor-element-e2a913b elementor-align-left elementor-widget elementor-widget-button\" data-id=\"e2a913b\" data-element_type=\"widget\" data-e-type=\"widget\" data-widget_type=\"button.default\">\n\t\t\t\t<div class=\"elementor-widget-container\">\n\t\t\t\t\t\t\t\t\t<div class=\"elementor-button-wrapper\">\n\t\t\t\t\t<a class=\"elementor-button elementor-button-link elementor-size-sm\" href=\"https:\/\/cosmo.icm.csic.es\/\" target=\"_blank\">\n\t\t\t\t\t\t<span class=\"elementor-button-content-wrapper\">\n\t\t\t\t\t\t<span class=\"elementor-button-icon\">\n\t\t\t\t<svg xmlns=\"http:\/\/www.w3.org\/2000\/svg\" width=\"25\" height=\"16\" viewBox=\"0 0 25 16\" fill=\"none\"><path d=\"M24.7071 8.70711C25.0976 8.31658 25.0976 7.68342 24.7071 7.29289L18.3431 0.928932C17.9526 0.538408 17.3195 0.538408 16.9289 0.928932C16.5384 1.31946 16.5384 1.95262 16.9289 2.34315L22.5858 8L16.9289 13.6569C16.5384 14.0474 16.5384 14.6805 16.9289 15.0711C17.3195 15.4616 17.9526 15.4616 18.3431 15.0711L24.7071 8.70711ZM0 9H24V7H0V9Z\" fill=\"white\"><\/path><\/svg>\t\t\t<\/span>\n\t\t\t\t\t\t\t\t\t<span class=\"elementor-button-text\">Visores COSMO<\/span>\n\t\t\t\t\t<\/span>\n\t\t\t\t\t<\/a>\n\t\t\t\t<\/div>\n\t\t\t\t\t\t\t\t<\/div>\n\t\t\t\t<\/div>\n\t\t\t\t<\/div>\n\t\t<div class=\"elementor-element elementor-element-530ed0c8 e-con-full e-flex e-con e-parent\" data-id=\"530ed0c8\" data-element_type=\"container\" data-e-type=\"container\" data-settings=\"{&quot;background_background&quot;:&quot;classic&quot;}\">\n\t\t\t\t<\/div>\n\t\t\t\t<\/div>\n\t\t<div class=\"elementor-element elementor-element-067d204 e-flex e-con-boxed e-con e-parent\" data-id=\"067d204\" data-element_type=\"container\" data-e-type=\"container\">\n\t\t\t\t\t<div class=\"e-con-inner\">\n\t\t\t\t<div class=\"elementor-element elementor-element-41fdcfc elementor-widget elementor-widget-spacer\" data-id=\"41fdcfc\" data-element_type=\"widget\" data-e-type=\"widget\" data-widget_type=\"spacer.default\">\n\t\t\t\t<div class=\"elementor-widget-container\">\n\t\t\t\t\t\t\t<div class=\"elementor-spacer\">\n\t\t\t<div class=\"elementor-spacer-inner\"><\/div>\n\t\t<\/div>\n\t\t\t\t\t\t<\/div>\n\t\t\t\t<\/div>\n\t\t\t\t\t<\/div>\n\t\t\t\t<\/div>\n\t\t<div class=\"elementor-element elementor-element-e9f36a8 e-con-full e-flex e-con e-parent\" data-id=\"e9f36a8\" data-element_type=\"container\" data-e-type=\"container\">\n\t\t\t\t<div class=\"elementor-element elementor-element-5ccf681 elementor-widget elementor-widget-heading\" data-id=\"5ccf681\" data-element_type=\"widget\" data-e-type=\"widget\" data-widget_type=\"heading.default\">\n\t\t\t\t<div class=\"elementor-widget-container\">\n\t\t\t\t\t<h2 class=\"elementor-heading-title elementor-size-default\">Acceso a una base de datos de objectos a la deriva y a un atlas de corrientes climatol\u00f3gicas<\/h2>\t\t\t\t<\/div>\n\t\t\t\t<\/div>\n\t\t\t\t<\/div>\n\t\t<div class=\"elementor-element elementor-element-4a98d8b e-con-full e-flex e-con e-parent\" data-id=\"4a98d8b\" data-element_type=\"container\" data-e-type=\"container\">\n\t\t<div class=\"elementor-element elementor-element-99fa679 e-con-full e-flex e-con e-parent\" data-id=\"99fa679\" data-element_type=\"container\" data-e-type=\"container\" data-settings=\"{&quot;background_background&quot;:&quot;classic&quot;,&quot;shape_divider_bottom&quot;:&quot;tilt&quot;}\">\n\t\t\t\t<div class=\"elementor-shape elementor-shape-bottom\" aria-hidden=\"true\" data-negative=\"false\">\n\t\t\t<svg xmlns=\"http:\/\/www.w3.org\/2000\/svg\" viewBox=\"0 0 1000 100\" preserveAspectRatio=\"none\">\n\t<path class=\"elementor-shape-fill\" d=\"M0,6V0h1000v100L0,6z\"\/>\n<\/svg>\t\t<\/div>\n\t\t\t\t<div class=\"elementor-element elementor-element-b5b918c elementor-widget elementor-widget-heading\" data-id=\"b5b918c\" data-element_type=\"widget\" data-e-type=\"widget\" data-widget_type=\"heading.default\">\n\t\t\t\t<div class=\"elementor-widget-container\">\n\t\t\t\t\t<h4 class=\"elementor-heading-title elementor-size-default\">Estos visores permiten estudiar los patrones y la variabilidad de las corrientes oce\u00e1nicas desde 1980 hasta la actualidad.<\/h4>\t\t\t\t<\/div>\n\t\t\t\t<\/div>\n\t\t\t\t<\/div>\n\t\t<div class=\"elementor-element elementor-element-b0c43f3 e-con-full e-flex e-con e-parent\" data-id=\"b0c43f3\" data-element_type=\"container\" data-e-type=\"container\">\n\t\t\t\t<div class=\"elementor-element elementor-element-8ee6a31 elementor-widget elementor-widget-text-editor\" data-id=\"8ee6a31\" data-element_type=\"widget\" data-e-type=\"widget\" data-widget_type=\"text-editor.default\">\n\t\t\t\t<div class=\"elementor-widget-container\">\n\t\t\t\t\t\t\t\t\t<p>A trav\u00e9s del enlace, acceder\u00e1s a un sitio web donde encontrar\u00e1s dos visores: una base de datos de objetos a la deriva y un atlas de corrientes climatol\u00f3gicas mensuales.<\/p>\n<p>Estos visores son una contribuci\u00f3n del ICATMAR a los proyectos <strong>COSMO<\/strong> y <strong>MEDOSMOSIS<\/strong>, con el objetivo de proporcionar informaci\u00f3n sobre las corrientes superficiales marinas en la cuenca mediterr\u00e1nea y en torno a la pen\u00ednsula Ib\u00e9rica. El estudio de la climatolog\u00eda de las corrientes oce\u00e1nicas es de utilidad para evaluar emergencias de b\u00fasqueda y rescate, emergencias de contaminaci\u00f3n y contribuir a labores de investigaci\u00f3n forense.<\/p>\n<p>La calidad de los datos depende de muchos factores y los productos est\u00e1n todav\u00eda en fase de validaci\u00f3n.<\/p>\n\t\t\t\t\t\t\t\t<\/div>\n\t\t\t\t<\/div>\n\t\t\t\t<div class=\"elementor-element elementor-element-9028003 elementor-widget elementor-widget-image\" data-id=\"9028003\" data-element_type=\"widget\" data-e-type=\"widget\" data-widget_type=\"image.default\">\n\t\t\t\t<div class=\"elementor-widget-container\">\n\t\t\t\t\t\t\t\t\t\t\t\t\t\t\t<img fetchpriority=\"high\" decoding=\"async\" width=\"640\" height=\"273\" src=\"https:\/\/www.icatmar.cat\/wp-content\/uploads\/2023\/07\/cosmo_screenshot-1024x436.png\" class=\"attachment-large size-large wp-image-4859\" alt=\"\" srcset=\"https:\/\/www.icatmar.cat\/wp-content\/uploads\/2023\/07\/cosmo_screenshot-1024x436.png 1024w, https:\/\/www.icatmar.cat\/wp-content\/uploads\/2023\/07\/cosmo_screenshot-300x128.png 300w, https:\/\/www.icatmar.cat\/wp-content\/uploads\/2023\/07\/cosmo_screenshot-768x327.png 768w, https:\/\/www.icatmar.cat\/wp-content\/uploads\/2023\/07\/cosmo_screenshot.png 1137w\" sizes=\"(max-width: 640px) 100vw, 640px\" \/>\t\t\t\t\t\t\t\t\t\t\t\t\t\t\t<\/div>\n\t\t\t\t<\/div>\n\t\t\t\t<div class=\"elementor-element elementor-element-e6c84fd elementor-align-center elementor-widget elementor-widget-button\" data-id=\"e6c84fd\" data-element_type=\"widget\" data-e-type=\"widget\" data-widget_type=\"button.default\">\n\t\t\t\t<div class=\"elementor-widget-container\">\n\t\t\t\t\t\t\t\t\t<div class=\"elementor-button-wrapper\">\n\t\t\t\t\t<a class=\"elementor-button elementor-button-link elementor-size-sm\" href=\"https:\/\/cosmo.icm.csic.es\/\" target=\"_blank\">\n\t\t\t\t\t\t<span class=\"elementor-button-content-wrapper\">\n\t\t\t\t\t\t<span class=\"elementor-button-icon\">\n\t\t\t\t<svg xmlns=\"http:\/\/www.w3.org\/2000\/svg\" width=\"25\" height=\"16\" viewBox=\"0 0 25 16\" fill=\"none\"><path d=\"M24.7071 8.70711C25.0976 8.31658 25.0976 7.68342 24.7071 7.29289L18.3431 0.928932C17.9526 0.538408 17.3195 0.538408 16.9289 0.928932C16.5384 1.31946 16.5384 1.95262 16.9289 2.34315L22.5858 8L16.9289 13.6569C16.5384 14.0474 16.5384 14.6805 16.9289 15.0711C17.3195 15.4616 17.9526 15.4616 18.3431 15.0711L24.7071 8.70711ZM0 9H24V7H0V9Z\" fill=\"white\"><\/path><\/svg>\t\t\t<\/span>\n\t\t\t\t\t\t\t\t\t<span class=\"elementor-button-text\">Visores COSMO<\/span>\n\t\t\t\t\t<\/span>\n\t\t\t\t\t<\/a>\n\t\t\t\t<\/div>\n\t\t\t\t\t\t\t\t<\/div>\n\t\t\t\t<\/div>\n\t\t\t\t<\/div>\n\t\t\t\t<\/div>\n\t\t\t\t<\/div>\n\t\t","protected":false},"excerpt":{"rendered":"<p>Visores COSMO Acceso a una base de datos de objectos a la deriva y a un atlas de corrientes climatol\u00f3gicas Estos visores permiten estudiar los patrones y la variabilidad de las corrientes oce\u00e1nicas desde 1980 hasta la actualidad. A trav\u00e9s del enlace, acceder\u00e1s a un sitio web donde encontrar\u00e1s dos visores: una base de datos [&hellip;]<\/p>\n","protected":false},"author":7,"featured_media":0,"parent":3640,"menu_order":0,"comment_status":"closed","ping_status":"closed","template":"","meta":{"_acf_changed":false,"footnotes":""},"class_list":["post-5001","page","type-page","status-publish","hentry"],"acf":[],"_links":{"self":[{"href":"https:\/\/www.icatmar.cat\/es\/wp-json\/wp\/v2\/pages\/5001","targetHints":{"allow":["GET"]}}],"collection":[{"href":"https:\/\/www.icatmar.cat\/es\/wp-json\/wp\/v2\/pages"}],"about":[{"href":"https:\/\/www.icatmar.cat\/es\/wp-json\/wp\/v2\/types\/page"}],"author":[{"embeddable":true,"href":"https:\/\/www.icatmar.cat\/es\/wp-json\/wp\/v2\/users\/7"}],"replies":[{"embeddable":true,"href":"https:\/\/www.icatmar.cat\/es\/wp-json\/wp\/v2\/comments?post=5001"}],"version-history":[{"count":1,"href":"https:\/\/www.icatmar.cat\/es\/wp-json\/wp\/v2\/pages\/5001\/revisions"}],"predecessor-version":[{"id":5002,"href":"https:\/\/www.icatmar.cat\/es\/wp-json\/wp\/v2\/pages\/5001\/revisions\/5002"}],"up":[{"embeddable":true,"href":"https:\/\/www.icatmar.cat\/es\/wp-json\/wp\/v2\/pages\/3640"}],"wp:attachment":[{"href":"https:\/\/www.icatmar.cat\/es\/wp-json\/wp\/v2\/media?parent=5001"}],"curies":[{"name":"wp","href":"https:\/\/api.w.org\/{rel}","templated":true}]}}