{"id":3664,"date":"2023-03-15T22:56:39","date_gmt":"2023-03-15T21:56:39","guid":{"rendered":"http:\/\/visap-int.icm.csic.es\/visores\/servicio-de-datos\/"},"modified":"2024-10-14T09:41:45","modified_gmt":"2024-10-14T07:41:45","slug":"servicio-de-datos","status":"publish","type":"page","link":"https:\/\/www.icatmar.cat\/es\/visores\/servicio-de-datos\/","title":{"rendered":"servicio de datos"},"content":{"rendered":"\t\t<div data-elementor-type=\"wp-page\" data-elementor-id=\"3664\" class=\"elementor elementor-3664 elementor-2381\" data-elementor-post-type=\"page\">\n\t\t\t\t<div class=\"elementor-element elementor-element-82e2d3f e-con-full e-flex e-con e-parent\" data-id=\"82e2d3f\" data-element_type=\"container\" data-e-type=\"container\" data-settings=\"{&quot;background_background&quot;:&quot;classic&quot;}\">\n\t\t<div class=\"elementor-element elementor-element-6250d03 e-con-full e-flex e-con e-child\" data-id=\"6250d03\" data-element_type=\"container\" data-e-type=\"container\" data-settings=\"{&quot;background_background&quot;:&quot;classic&quot;}\">\n\t\t\t\t<div class=\"elementor-element elementor-element-2aeb283 elementor-widget elementor-widget-image\" data-id=\"2aeb283\" data-element_type=\"widget\" data-e-type=\"widget\" data-widget_type=\"image.default\">\n\t\t\t\t<div class=\"elementor-widget-container\">\n\t\t\t\t\t\t\t\t\t\t\t\t\t\t\t<img decoding=\"async\" width=\"59\" height=\"49\" src=\"https:\/\/www.icatmar.cat\/wp-content\/uploads\/2023\/01\/icon-dades-3.svg\" class=\"attachment-large size-large wp-image-3489\" alt=\"\" \/>\t\t\t\t\t\t\t\t\t\t\t\t\t\t\t<\/div>\n\t\t\t\t<\/div>\n\t\t\t\t<div class=\"elementor-element elementor-element-800fbdd elementor-widget elementor-widget-heading\" data-id=\"800fbdd\" data-element_type=\"widget\" data-e-type=\"widget\" data-widget_type=\"heading.default\">\n\t\t\t\t<div class=\"elementor-widget-container\">\n\t\t\t\t\t<h2 class=\"elementor-heading-title elementor-size-default\">Servicio de distribuci\u00f3n de datos<\/h2>\t\t\t\t<\/div>\n\t\t\t\t<\/div>\n\t\t\t\t<div class=\"elementor-element elementor-element-ba61366 elementor-widget elementor-widget-heading\" data-id=\"ba61366\" data-element_type=\"widget\" data-e-type=\"widget\" data-widget_type=\"heading.default\">\n\t\t\t\t<div class=\"elementor-widget-container\">\n\t\t\t\t\t<h3 class=\"elementor-heading-title elementor-size-default\">Repositorio de datos<\/h3>\t\t\t\t<\/div>\n\t\t\t\t<\/div>\n\t\t\t\t<div class=\"elementor-element elementor-element-97ce4d5 elementor-align-left elementor-widget elementor-widget-button\" data-id=\"97ce4d5\" data-element_type=\"widget\" data-e-type=\"widget\" data-widget_type=\"button.default\">\n\t\t\t\t<div class=\"elementor-widget-container\">\n\t\t\t\t\t\t\t\t\t<div class=\"elementor-button-wrapper\">\n\t\t\t\t\t<a class=\"elementor-button elementor-button-link elementor-size-sm\" href=\"https:\/\/icatmar.cat\/servei-ftp\/\">\n\t\t\t\t\t\t<span class=\"elementor-button-content-wrapper\">\n\t\t\t\t\t\t<span class=\"elementor-button-icon\">\n\t\t\t\t<svg xmlns=\"http:\/\/www.w3.org\/2000\/svg\" width=\"25\" height=\"16\" viewBox=\"0 0 25 16\" fill=\"none\"><path d=\"M24.7071 8.70711C25.0976 8.31658 25.0976 7.68342 24.7071 7.29289L18.3431 0.928932C17.9526 0.538408 17.3195 0.538408 16.9289 0.928932C16.5384 1.31946 16.5384 1.95262 16.9289 2.34315L22.5858 8L16.9289 13.6569C16.5384 14.0474 16.5384 14.6805 16.9289 15.0711C17.3195 15.4616 17.9526 15.4616 18.3431 15.0711L24.7071 8.70711ZM0 9H24V7H0V9Z\" fill=\"white\"><\/path><\/svg>\t\t\t<\/span>\n\t\t\t\t\t\t\t\t\t<span class=\"elementor-button-text\">Accede al servicio FTP<\/span>\n\t\t\t\t\t<\/span>\n\t\t\t\t\t<\/a>\n\t\t\t\t<\/div>\n\t\t\t\t\t\t\t\t<\/div>\n\t\t\t\t<\/div>\n\t\t\t\t<\/div>\n\t\t<div class=\"elementor-element elementor-element-7fd8a4a e-con-full e-flex e-con e-child\" data-id=\"7fd8a4a\" data-element_type=\"container\" data-e-type=\"container\" data-settings=\"{&quot;background_background&quot;:&quot;classic&quot;}\">\n\t\t\t\t<\/div>\n\t\t\t\t<\/div>\n\t\t<div class=\"elementor-element elementor-element-efb9f68 e-con-full e-flex e-con e-parent\" data-id=\"efb9f68\" data-element_type=\"container\" data-e-type=\"container\">\n\t\t<div class=\"elementor-element elementor-element-e37ab9f e-con-full e-flex e-con e-child\" data-id=\"e37ab9f\" data-element_type=\"container\" data-e-type=\"container\">\n\t\t\t\t<div class=\"elementor-element elementor-element-633ce8d elementor-widget elementor-widget-heading\" data-id=\"633ce8d\" data-element_type=\"widget\" data-e-type=\"widget\" data-widget_type=\"heading.default\">\n\t\t\t\t<div class=\"elementor-widget-container\">\n\t\t\t\t\t<h2 class=\"elementor-heading-title elementor-size-default\">Nuestro objetivo es dar un acceso abierto y global a los datos recopilados de oceanograf\u00eda operacional y recursos pesqueros.<\/h2>\t\t\t\t<\/div>\n\t\t\t\t<\/div>\n\t\t\t\t<\/div>\n\t\t\t\t<\/div>\n\t\t<div class=\"elementor-element elementor-element-c793b41 e-con-full e-flex e-con e-parent\" data-id=\"c793b41\" data-element_type=\"container\" data-e-type=\"container\">\n\t\t<div class=\"elementor-element elementor-element-57124a7 e-con-full e-flex e-con e-child\" data-id=\"57124a7\" data-element_type=\"container\" data-e-type=\"container\" data-settings=\"{&quot;background_background&quot;:&quot;classic&quot;,&quot;shape_divider_bottom&quot;:&quot;tilt&quot;}\">\n\t\t\t\t<div class=\"elementor-shape elementor-shape-bottom\" aria-hidden=\"true\" data-negative=\"false\">\n\t\t\t<svg xmlns=\"http:\/\/www.w3.org\/2000\/svg\" viewBox=\"0 0 1000 100\" preserveAspectRatio=\"none\">\n\t<path class=\"elementor-shape-fill\" d=\"M0,6V0h1000v100L0,6z\"\/>\n<\/svg>\t\t<\/div>\n\t\t\t\t<div class=\"elementor-element elementor-element-f0e840c elementor-widget elementor-widget-heading\" data-id=\"f0e840c\" data-element_type=\"widget\" data-e-type=\"widget\" data-widget_type=\"heading.default\">\n\t\t\t\t<div class=\"elementor-widget-container\">\n\t\t\t\t\t<h4 class=\"elementor-heading-title elementor-size-default\">Los distintos visores proporcionan un acceso simple y directo a parte de los datos recopilados, para visualizarlos y descargarlos. Estamos trabajando para ofrecer, en un futuro, otros servicios de descarga de datos.  <\/h4>\t\t\t\t<\/div>\n\t\t\t\t<\/div>\n\t\t\t\t<\/div>\n\t\t<div class=\"elementor-element elementor-element-95fc526 e-con-full e-flex e-con e-child\" data-id=\"95fc526\" data-element_type=\"container\" data-e-type=\"container\">\n\t\t\t\t<div class=\"elementor-element elementor-element-c4e6954 elementor-widget elementor-widget-text-editor\" data-id=\"c4e6954\" data-element_type=\"widget\" data-e-type=\"widget\" data-widget_type=\"text-editor.default\">\n\t\t\t\t<div class=\"elementor-widget-container\">\n\t\t\t\t\t\t\t\t\t<p>Para otras peticiones de datos que no se puedan resolver mediante los visores o sus funcionalidades de descarga, se puede hacer una petici\u00f3n mediante el formulario del <a href=\"https:\/\/icatmar.cat\/es\/contacto\/\">apartado de contacto<\/a>.<\/p>\n<h3>Protocolo de citaci\u00f3n de datos<\/h3>\n<p>Todos los documentos que usen datos o productos extra\u00eddos de esta web, tienen que estar citados de la siguiente forma:<\/p>\n<p><strong>Espa\u00f1ol:<\/strong> ICATMAR (AAAA). Institut Catal\u00e0 de Recerca per a la Governan\u00e7a del Mar, datos accedidos el DD\/MM\/AAAA. URL: <a href=\"https:\/\/icatmar.cat\/es\/\">www.icatmar.cat<\/a><\/p>\n<p><strong>English:<\/strong> ICATMAR (YYYY). Institut Catal\u00e0 de Recerca per a la Governan\u00e7a del Mar dataset accessed on DD\/MM\/YYYY. URL: <a href=\"https:\/\/icatmar.cat\/es\/\">www.icatmar.cat<\/a><\/p>\n<p>Ejemplo:<\/p>\n<p>ICATMAR (2023). Institut Catal\u00e0 de Recerca per a la Governan\u00e7a del Mar dataset accessed on 14\/04\/2023. URL: <a href=\"https:\/\/icatmar.cat\/es\/\">www.icatmar.cat<\/a><\/p>\n<p>Si el documento no contiene bibliograf\u00eda, se puede citar de la siguiente forma (en materiales y m\u00e9todos o antes del an\u00e1lisis de datos):<\/p>\n<p><strong>Espa\u00f1ol:<\/strong> Datos proporcionados por ICATMAR, Institut Catal\u00e0 de Recerca per a la Governan\u00e7a del Mar, disponibles en <a href=\"https:\/\/icatmar.cat\/es\/\">www.icatmar.cat<\/a><\/p>\n<p><strong>English:<\/strong> Data provided by ICATMAR, Institut Catal\u00e0 de Recerca per a la Governan\u00e7a del Mar, available at <a href=\"https:\/\/icatmar.cat\/es\/\">www.icatmar.cat<\/a><\/p>\n<p>En caso que no se pueda citar de las formas anteriores, se tiene que incluir la URL o un hiperv\u00ednculo a <a href=\"https:\/\/icatmar.cat\/es\/\">www.icatmar.cat<\/a><\/p>\n\t\t\t\t\t\t\t\t<\/div>\n\t\t\t\t<\/div>\n\t\t\t\t<\/div>\n\t\t\t\t<\/div>\n\t\t\t\t<\/div>\n\t\t","protected":false},"excerpt":{"rendered":"<p>Servicio de distribuci\u00f3n de datos Repositorio de datos Accede al servicio FTP Nuestro objetivo es dar un acceso abierto y global a los datos recopilados de oceanograf\u00eda operacional y recursos pesqueros. Los distintos visores proporcionan un acceso simple y directo a parte de los datos recopilados, para visualizarlos y descargarlos. Estamos trabajando para ofrecer, en [&hellip;]<\/p>\n","protected":false},"author":4,"featured_media":0,"parent":3654,"menu_order":0,"comment_status":"closed","ping_status":"closed","template":"elementor_header_footer","meta":{"_acf_changed":false,"footnotes":""},"class_list":["post-3664","page","type-page","status-publish","hentry"],"acf":[],"_links":{"self":[{"href":"https:\/\/www.icatmar.cat\/es\/wp-json\/wp\/v2\/pages\/3664","targetHints":{"allow":["GET"]}}],"collection":[{"href":"https:\/\/www.icatmar.cat\/es\/wp-json\/wp\/v2\/pages"}],"about":[{"href":"https:\/\/www.icatmar.cat\/es\/wp-json\/wp\/v2\/types\/page"}],"author":[{"embeddable":true,"href":"https:\/\/www.icatmar.cat\/es\/wp-json\/wp\/v2\/users\/4"}],"replies":[{"embeddable":true,"href":"https:\/\/www.icatmar.cat\/es\/wp-json\/wp\/v2\/comments?post=3664"}],"version-history":[{"count":9,"href":"https:\/\/www.icatmar.cat\/es\/wp-json\/wp\/v2\/pages\/3664\/revisions"}],"predecessor-version":[{"id":6879,"href":"https:\/\/www.icatmar.cat\/es\/wp-json\/wp\/v2\/pages\/3664\/revisions\/6879"}],"up":[{"embeddable":true,"href":"https:\/\/www.icatmar.cat\/es\/wp-json\/wp\/v2\/pages\/3654"}],"wp:attachment":[{"href":"https:\/\/www.icatmar.cat\/es\/wp-json\/wp\/v2\/media?parent=3664"}],"curies":[{"name":"wp","href":"https:\/\/api.w.org\/{rel}","templated":true}]}}