{"id":3660,"date":"2023-03-15T15:56:57","date_gmt":"2023-03-15T14:56:57","guid":{"rendered":"http:\/\/visap-int.icm.csic.es\/visores\/red-observacional\/"},"modified":"2024-09-04T15:01:33","modified_gmt":"2024-09-04T13:01:33","slug":"red-observacional","status":"publish","type":"page","link":"https:\/\/www.icatmar.cat\/es\/visores\/red-observacional\/","title":{"rendered":"red observacional"},"content":{"rendered":"\t\t<div data-elementor-type=\"wp-page\" data-elementor-id=\"3660\" class=\"elementor elementor-3660 elementor-2360\" data-elementor-post-type=\"page\">\n\t\t\t\t<div class=\"elementor-element elementor-element-f332079 e-con-full e-flex e-con e-parent\" data-id=\"f332079\" data-element_type=\"container\" data-e-type=\"container\" data-settings=\"{&quot;background_background&quot;:&quot;classic&quot;}\">\n\t\t<div class=\"elementor-element elementor-element-f5d1ab1 e-con-full e-flex e-con e-child\" data-id=\"f5d1ab1\" data-element_type=\"container\" data-e-type=\"container\" data-settings=\"{&quot;background_background&quot;:&quot;classic&quot;}\">\n\t\t\t\t<div class=\"elementor-element elementor-element-94ba2d4 elementor-widget elementor-widget-image\" data-id=\"94ba2d4\" data-element_type=\"widget\" data-e-type=\"widget\" data-widget_type=\"image.default\">\n\t\t\t\t<div class=\"elementor-widget-container\">\n\t\t\t\t\t\t\t\t\t\t\t\t\t\t\t<img decoding=\"async\" width=\"57\" height=\"76\" src=\"https:\/\/www.icatmar.cat\/wp-content\/uploads\/2023\/01\/icon-satelit-2.svg\" class=\"attachment-large size-large wp-image-3487\" alt=\"\" \/>\t\t\t\t\t\t\t\t\t\t\t\t\t\t\t<\/div>\n\t\t\t\t<\/div>\n\t\t\t\t<div class=\"elementor-element elementor-element-943553a elementor-widget elementor-widget-heading\" data-id=\"943553a\" data-element_type=\"widget\" data-e-type=\"widget\" data-widget_type=\"heading.default\">\n\t\t\t\t<div class=\"elementor-widget-container\">\n\t\t\t\t\t<h2 class=\"elementor-heading-title elementor-size-default\">Red Observacional<\/h2>\t\t\t\t<\/div>\n\t\t\t\t<\/div>\n\t\t\t\t<div class=\"elementor-element elementor-element-2dcea41 elementor-widget elementor-widget-heading\" data-id=\"2dcea41\" data-element_type=\"widget\" data-e-type=\"widget\" data-widget_type=\"heading.default\">\n\t\t\t\t<div class=\"elementor-widget-container\">\n\t\t\t\t\t<h3 class=\"elementor-heading-title elementor-size-default\">Observaciones oceanogr\u00e1ficas<\/h3>\t\t\t\t<\/div>\n\t\t\t\t<\/div>\n\t\t\t\t<div class=\"elementor-element elementor-element-757ad19 elementor-align-left elementor-widget elementor-widget-button\" data-id=\"757ad19\" data-element_type=\"widget\" data-e-type=\"widget\" data-widget_type=\"button.default\">\n\t\t\t\t<div class=\"elementor-widget-container\">\n\t\t\t\t\t\t\t\t\t<div class=\"elementor-button-wrapper\">\n\t\t\t\t\t<a class=\"elementor-button elementor-button-link elementor-size-sm\" href=\"https:\/\/icatmar.cat\/HFRadar\/\">\n\t\t\t\t\t\t<span class=\"elementor-button-content-wrapper\">\n\t\t\t\t\t\t<span class=\"elementor-button-icon\">\n\t\t\t\t<svg xmlns=\"http:\/\/www.w3.org\/2000\/svg\" width=\"25\" height=\"16\" viewBox=\"0 0 25 16\" fill=\"none\"><path d=\"M24.7071 8.70711C25.0976 8.31658 25.0976 7.68342 24.7071 7.29289L18.3431 0.928932C17.9526 0.538408 17.3195 0.538408 16.9289 0.928932C16.5384 1.31946 16.5384 1.95262 16.9289 2.34315L22.5858 8L16.9289 13.6569C16.5384 14.0474 16.5384 14.6805 16.9289 15.0711C17.3195 15.4616 17.9526 15.4616 18.3431 15.0711L24.7071 8.70711ZM0 9H24V7H0V9Z\" fill=\"white\"><\/path><\/svg>\t\t\t<\/span>\n\t\t\t\t\t\t\t\t\t<span class=\"elementor-button-text\">Abrir visor<\/span>\n\t\t\t\t\t<\/span>\n\t\t\t\t\t<\/a>\n\t\t\t\t<\/div>\n\t\t\t\t\t\t\t\t<\/div>\n\t\t\t\t<\/div>\n\t\t\t\t<\/div>\n\t\t<div class=\"elementor-element elementor-element-09ed32a e-con-full e-flex e-con e-child\" data-id=\"09ed32a\" data-element_type=\"container\" data-e-type=\"container\" data-settings=\"{&quot;background_background&quot;:&quot;classic&quot;}\">\n\t\t\t\t<\/div>\n\t\t\t\t<\/div>\n\t\t<div class=\"elementor-element elementor-element-8941b1e e-con-full e-flex e-con e-parent\" data-id=\"8941b1e\" data-element_type=\"container\" data-e-type=\"container\">\n\t\t<div class=\"elementor-element elementor-element-f8fe820 e-con-full e-flex e-con e-child\" data-id=\"f8fe820\" data-element_type=\"container\" data-e-type=\"container\">\n\t\t\t\t<div class=\"elementor-element elementor-element-c699ab6 elementor-widget elementor-widget-heading\" data-id=\"c699ab6\" data-element_type=\"widget\" data-e-type=\"widget\" data-widget_type=\"heading.default\">\n\t\t\t\t<div class=\"elementor-widget-container\">\n\t\t\t\t\t<h2 class=\"elementor-heading-title elementor-size-default\">El visor de datos f\u00edsicos del ICATMAR permite explorar datos de temperatura, salinidad, corrientes, oleaje y algunas variables atmosf\u00e9ricas sobre el mar en la zona del mar catal\u00e1n.<\/h2>\t\t\t\t<\/div>\n\t\t\t\t<\/div>\n\t\t\t\t<\/div>\n\t\t\t\t<\/div>\n\t\t<div class=\"elementor-element elementor-element-554e608 e-con-full e-flex e-con e-parent\" data-id=\"554e608\" data-element_type=\"container\" data-e-type=\"container\">\n\t\t<div class=\"elementor-element elementor-element-1f75bf3 e-con-full e-flex e-con e-child\" data-id=\"1f75bf3\" data-element_type=\"container\" data-e-type=\"container\" data-settings=\"{&quot;background_background&quot;:&quot;classic&quot;,&quot;shape_divider_bottom&quot;:&quot;tilt&quot;}\">\n\t\t\t\t<div class=\"elementor-shape elementor-shape-bottom\" aria-hidden=\"true\" data-negative=\"false\">\n\t\t\t<svg xmlns=\"http:\/\/www.w3.org\/2000\/svg\" viewBox=\"0 0 1000 100\" preserveAspectRatio=\"none\">\n\t<path class=\"elementor-shape-fill\" d=\"M0,6V0h1000v100L0,6z\"\/>\n<\/svg>\t\t<\/div>\n\t\t\t\t<div class=\"elementor-element elementor-element-1e277aa elementor-widget elementor-widget-heading\" data-id=\"1e277aa\" data-element_type=\"widget\" data-e-type=\"widget\" data-widget_type=\"heading.default\">\n\t\t\t\t<div class=\"elementor-widget-container\">\n\t\t\t\t\t<h4 class=\"elementor-heading-title elementor-size-default\">La aplicaci\u00f3n est\u00e1 en fase de desarrollo. A medida que los servicios de oceanograf\u00eda est\u00e9n operativos, la aplicaci\u00f3n tendr\u00e1 nuevas funcionalidades.<\/h4>\t\t\t\t<\/div>\n\t\t\t\t<\/div>\n\t\t\t\t<\/div>\n\t\t<div class=\"elementor-element elementor-element-08663a1 e-con-full e-flex e-con e-child\" data-id=\"08663a1\" data-element_type=\"container\" data-e-type=\"container\">\n\t\t\t\t<div class=\"elementor-element elementor-element-f2e355c elementor-widget elementor-widget-text-editor\" data-id=\"f2e355c\" data-element_type=\"widget\" data-e-type=\"widget\" data-widget_type=\"text-editor.default\">\n\t\t\t\t<div class=\"elementor-widget-container\">\n\t\t\t\t\t\t\t\t\t<p>El objetivo de este visor es mostrar datos de observaci\u00f3n oceanogr\u00e1fica de ICATMAR. Actualmente se muestran los datos los radares de alta frecuencia que miden las corrientes superficiales del agua. La instalaci\u00f3n de estos radares es progresiva y ser\u00e1 a lo largo de la costa catalana. Otros servicios de oceanograf\u00eda operacional se ir\u00e1n a\u00f1adiendo al visor una vez sean operacionales.<\/p>\n\t\t\t\t\t\t\t\t<\/div>\n\t\t\t\t<\/div>\n\t\t\t\t<\/div>\n\t\t\t\t<\/div>\n\t\t\t\t<\/div>\n\t\t","protected":false},"excerpt":{"rendered":"<p>Red Observacional Observaciones oceanogr\u00e1ficas Abrir visor El visor de datos f\u00edsicos del ICATMAR permite explorar datos de temperatura, salinidad, corrientes, oleaje y algunas variables atmosf\u00e9ricas sobre el mar en la zona del mar catal\u00e1n. La aplicaci\u00f3n est\u00e1 en fase de desarrollo. A medida que los servicios de oceanograf\u00eda est\u00e9n operativos, la aplicaci\u00f3n tendr\u00e1 nuevas funcionalidades. [&hellip;]<\/p>\n","protected":false},"author":4,"featured_media":0,"parent":3654,"menu_order":0,"comment_status":"closed","ping_status":"closed","template":"elementor_header_footer","meta":{"_acf_changed":false,"footnotes":""},"class_list":["post-3660","page","type-page","status-publish","hentry"],"acf":[],"_links":{"self":[{"href":"https:\/\/www.icatmar.cat\/es\/wp-json\/wp\/v2\/pages\/3660","targetHints":{"allow":["GET"]}}],"collection":[{"href":"https:\/\/www.icatmar.cat\/es\/wp-json\/wp\/v2\/pages"}],"about":[{"href":"https:\/\/www.icatmar.cat\/es\/wp-json\/wp\/v2\/types\/page"}],"author":[{"embeddable":true,"href":"https:\/\/www.icatmar.cat\/es\/wp-json\/wp\/v2\/users\/4"}],"replies":[{"embeddable":true,"href":"https:\/\/www.icatmar.cat\/es\/wp-json\/wp\/v2\/comments?post=3660"}],"version-history":[{"count":3,"href":"https:\/\/www.icatmar.cat\/es\/wp-json\/wp\/v2\/pages\/3660\/revisions"}],"predecessor-version":[{"id":6206,"href":"https:\/\/www.icatmar.cat\/es\/wp-json\/wp\/v2\/pages\/3660\/revisions\/6206"}],"up":[{"embeddable":true,"href":"https:\/\/www.icatmar.cat\/es\/wp-json\/wp\/v2\/pages\/3654"}],"wp:attachment":[{"href":"https:\/\/www.icatmar.cat\/es\/wp-json\/wp\/v2\/media?parent=3660"}],"curies":[{"name":"wp","href":"https:\/\/api.w.org\/{rel}","templated":true}]}}