{"id":3658,"date":"2023-01-28T12:16:25","date_gmt":"2023-01-28T11:16:25","guid":{"rendered":"http:\/\/visap-int.icm.csic.es\/visores\/visor-de-pesca\/"},"modified":"2025-01-20T17:23:43","modified_gmt":"2025-01-20T16:23:43","slug":"visor-de-pesca","status":"publish","type":"page","link":"https:\/\/www.icatmar.cat\/es\/visores\/visor-de-pesca\/","title":{"rendered":"Visor de pesca"},"content":{"rendered":"\t\t<div data-elementor-type=\"wp-page\" data-elementor-id=\"3658\" class=\"elementor elementor-3658 elementor-995\" data-elementor-post-type=\"page\">\n\t\t\t\t<div class=\"elementor-element elementor-element-2de7aa57 e-con-full e-flex e-con e-parent\" data-id=\"2de7aa57\" data-element_type=\"container\" data-e-type=\"container\" data-settings=\"{&quot;background_background&quot;:&quot;classic&quot;}\">\n\t\t<div class=\"elementor-element elementor-element-61e04f1d e-con-full e-flex e-con e-child\" data-id=\"61e04f1d\" data-element_type=\"container\" data-e-type=\"container\" data-settings=\"{&quot;background_background&quot;:&quot;classic&quot;}\">\n\t\t\t\t<div class=\"elementor-element elementor-element-b2ca30f elementor-widget elementor-widget-image\" data-id=\"b2ca30f\" data-element_type=\"widget\" data-e-type=\"widget\" data-widget_type=\"image.default\">\n\t\t\t\t<div class=\"elementor-widget-container\">\n\t\t\t\t\t\t\t\t\t\t\t\t\t\t\t<img decoding=\"async\" width=\"109\" height=\"72\" src=\"https:\/\/www.icatmar.cat\/wp-content\/uploads\/2023\/01\/icon-visor-pesquer-3.svg\" class=\"attachment-large size-large wp-image-3103\" alt=\"\" \/>\t\t\t\t\t\t\t\t\t\t\t\t\t\t\t<\/div>\n\t\t\t\t<\/div>\n\t\t\t\t<div class=\"elementor-element elementor-element-4bb34c95 elementor-widget elementor-widget-heading\" data-id=\"4bb34c95\" data-element_type=\"widget\" data-e-type=\"widget\" data-widget_type=\"heading.default\">\n\t\t\t\t<div class=\"elementor-widget-container\">\n\t\t\t\t\t<h3 class=\"elementor-heading-title elementor-size-default\">Datos del seguimiento pesquero<\/h3>\t\t\t\t<\/div>\n\t\t\t\t<\/div>\n\t\t\t\t<div class=\"elementor-element elementor-element-8ddf79a elementor-align-left elementor-widget elementor-widget-button\" data-id=\"8ddf79a\" data-element_type=\"widget\" data-e-type=\"widget\" data-widget_type=\"button.default\">\n\t\t\t\t<div class=\"elementor-widget-container\">\n\t\t\t\t\t\t\t\t\t<div class=\"elementor-button-wrapper\">\n\t\t\t\t\t<a class=\"elementor-button elementor-button-link elementor-size-sm\" href=\"http:\/\/81.25.127.50\/VISAP\/#lang=es&#038;app=overview\">\n\t\t\t\t\t\t<span class=\"elementor-button-content-wrapper\">\n\t\t\t\t\t\t<span class=\"elementor-button-icon\">\n\t\t\t\t<i aria-hidden=\"true\" class=\"fas fa-anchor\"><\/i>\t\t\t<\/span>\n\t\t\t\t\t\t\t\t\t<span class=\"elementor-button-text\">Composici\u00f3n de captura<\/span>\n\t\t\t\t\t<\/span>\n\t\t\t\t\t<\/a>\n\t\t\t\t<\/div>\n\t\t\t\t\t\t\t\t<\/div>\n\t\t\t\t<\/div>\n\t\t\t\t<div class=\"elementor-element elementor-element-ca1da4b elementor-align-left elementor-widget elementor-widget-button\" data-id=\"ca1da4b\" data-element_type=\"widget\" data-e-type=\"widget\" data-widget_type=\"button.default\">\n\t\t\t\t<div class=\"elementor-widget-container\">\n\t\t\t\t\t\t\t\t\t<div class=\"elementor-button-wrapper\">\n\t\t\t\t\t<a class=\"elementor-button elementor-button-link elementor-size-sm\" href=\"http:\/\/81.25.127.50\/VISAP\/#lang=es&#038;app=length-freq\">\n\t\t\t\t\t\t<span class=\"elementor-button-content-wrapper\">\n\t\t\t\t\t\t<span class=\"elementor-button-icon\">\n\t\t\t\t<i aria-hidden=\"true\" class=\"far fa-chart-bar\"><\/i>\t\t\t<\/span>\n\t\t\t\t\t\t\t\t\t<span class=\"elementor-button-text\">Frecuencia de tallas<\/span>\n\t\t\t\t\t<\/span>\n\t\t\t\t\t<\/a>\n\t\t\t\t<\/div>\n\t\t\t\t\t\t\t\t<\/div>\n\t\t\t\t<\/div>\n\t\t\t\t<div class=\"elementor-element elementor-element-c690f78 elementor-align-left elementor-widget elementor-widget-button\" data-id=\"c690f78\" data-element_type=\"widget\" data-e-type=\"widget\" data-widget_type=\"button.default\">\n\t\t\t\t<div class=\"elementor-widget-container\">\n\t\t\t\t\t\t\t\t\t<div class=\"elementor-button-wrapper\">\n\t\t\t\t\t<a class=\"elementor-button elementor-button-link elementor-size-sm\" href=\"http:\/\/81.25.127.50\/VISAP\/#lang=es&#038;app=map\">\n\t\t\t\t\t\t<span class=\"elementor-button-content-wrapper\">\n\t\t\t\t\t\t<span class=\"elementor-button-icon\">\n\t\t\t\t<i aria-hidden=\"true\" class=\"fas fa-map-pin\"><\/i>\t\t\t<\/span>\n\t\t\t\t\t\t\t\t\t<span class=\"elementor-button-text\">Mapa de muestreos<\/span>\n\t\t\t\t\t<\/span>\n\t\t\t\t\t<\/a>\n\t\t\t\t<\/div>\n\t\t\t\t\t\t\t\t<\/div>\n\t\t\t\t<\/div>\n\t\t\t\t<\/div>\n\t\t<div class=\"elementor-element elementor-element-593c43ab e-con-full e-flex e-con e-child\" data-id=\"593c43ab\" data-element_type=\"container\" data-e-type=\"container\" data-settings=\"{&quot;background_background&quot;:&quot;classic&quot;}\">\n\t\t\t\t<\/div>\n\t\t\t\t<\/div>\n\t\t<div class=\"elementor-element elementor-element-70901518 e-con-full e-flex e-con e-parent\" data-id=\"70901518\" data-element_type=\"container\" data-e-type=\"container\">\n\t\t<div class=\"elementor-element elementor-element-740d0579 e-con-full e-flex e-con e-child\" data-id=\"740d0579\" data-element_type=\"container\" data-e-type=\"container\">\n\t\t\t\t<div class=\"elementor-element elementor-element-5c5f5cfd elementor-widget elementor-widget-heading\" data-id=\"5c5f5cfd\" data-element_type=\"widget\" data-e-type=\"widget\" data-widget_type=\"heading.default\">\n\t\t\t\t<div class=\"elementor-widget-container\">\n\t\t\t\t\t<h2 class=\"elementor-heading-title elementor-size-default\">El visor de datos pesqueros del ICATMAR permite explorar datos sobre la flota pesquera comercial en Catalu\u00f1a.<\/h2>\t\t\t\t<\/div>\n\t\t\t\t<\/div>\n\t\t\t\t<\/div>\n\t\t\t\t<\/div>\n\t\t<div class=\"elementor-element elementor-element-e0a07a2 e-con-full e-flex e-con e-parent\" data-id=\"e0a07a2\" data-element_type=\"container\" data-e-type=\"container\">\n\t\t<div class=\"elementor-element elementor-element-90ccefd e-con-full e-flex e-con e-child\" data-id=\"90ccefd\" data-element_type=\"container\" data-e-type=\"container\" data-settings=\"{&quot;background_background&quot;:&quot;classic&quot;,&quot;shape_divider_bottom&quot;:&quot;tilt&quot;}\">\n\t\t\t\t<div class=\"elementor-shape elementor-shape-bottom\" aria-hidden=\"true\" data-negative=\"false\">\n\t\t\t<svg xmlns=\"http:\/\/www.w3.org\/2000\/svg\" viewBox=\"0 0 1000 100\" preserveAspectRatio=\"none\">\n\t<path class=\"elementor-shape-fill\" d=\"M0,6V0h1000v100L0,6z\"\/>\n<\/svg>\t\t<\/div>\n\t\t\t\t<div class=\"elementor-element elementor-element-9057ba1 elementor-widget elementor-widget-heading\" data-id=\"9057ba1\" data-element_type=\"widget\" data-e-type=\"widget\" data-widget_type=\"heading.default\">\n\t\t\t\t<div class=\"elementor-widget-container\">\n\t\t\t\t\t<h4 class=\"elementor-heading-title elementor-size-default\">La aplicaci\u00f3n ha sido desarrollada inicialmente por la Xarxa Mar\u00edtima de Catalunya (BlueNetCat), que est\u00e1 financiada por la Generalitat de Catalunya y el Fondo Europeo de Desarrollo Regional (FEDER), en colaboraci\u00f3n con el ICATMAR.<\/h4>\t\t\t\t<\/div>\n\t\t\t\t<\/div>\n\t\t\t\t<\/div>\n\t\t<div class=\"elementor-element elementor-element-a3b9d31 e-con-full e-flex e-con e-child\" data-id=\"a3b9d31\" data-element_type=\"container\" data-e-type=\"container\">\n\t\t\t\t<div class=\"elementor-element elementor-element-7244b60 elementor-widget elementor-widget-text-editor\" data-id=\"7244b60\" data-element_type=\"widget\" data-e-type=\"widget\" data-widget_type=\"text-editor.default\">\n\t\t\t\t<div class=\"elementor-widget-container\">\n\t\t\t\t\t\t\t\t\t<p>Con este visor se accede a los datos de muestreo y seguimiento cient\u00edfico de la flota pesquera comercial de las modalidades de pesca de arrastre y de cerco recogidos desde enero de 2019 y noviembre de 2021, respectivamente. La informaci\u00f3n de cada pesca realizada dentro del programa de seguimiento incluye:<\/p><ul><li>Datos (a\u00f1o y estaci\u00f3n)<\/li><li>Nombre del puerto y localizaci\u00f3n GPS de la pesca<\/li><li>Composici\u00f3n de la pesca por fracciones (comercial, descarte, restos naturales y basuras marinas) y al m\u00e1ximo nivel de detalle posible<\/li><\/ul><p>Se puede comparar la composici\u00f3n de la captura en los diferentes puertos y zonas (Norte: de Roses a Arenys de Mar; Centro: de Barcelona a Tarragona; y Sur: de L&#8217;Ametlla de Mar a La R\u00e0pita). La fracci\u00f3n comercial de la captura incluye las especies que se venden en lonja, la de descarte incluye tanto especies sin inter\u00e9s comercial como individuos de especies comerciales demasiado peque\u00f1os para venderse, los restos naturales se refirieren a materia de origen natural, y las basuras marinas son los restos de origen antropog\u00e9nico que se han encontrado en las redes. Dentro de cada categor\u00eda, se presenta una clasificaci\u00f3n con el m\u00e1ximo nivel de detalle posible.<\/p><p>Por otro lado, se presentan de forma agregada (utilizando todos nuestros datos disponibles hasta el momento) las distribuciones de tallas de las especies objetivo. En estos gr\u00e1ficos se puede ver la abundancia de cada talla de las siguientes especies: merluza, gamba rosada, galera, cigala, gamba blanca y pulpo blanco.<\/p><p>En el mapa de muestreo, puedes visualizar sobre el espacio cada muestra que realizamos y a\u00f1adir capas con la siguiente informaci\u00f3n:<\/p><ul><li>El esfuerzo pesquero, es decir, las horas de pesca por km2<\/li><li>La biomasa comercializada, es decir, el peso de las especies capturadas y comercializadas por km2<\/li><li>El rendimiento econ\u00f3mico, es decir, los euros de la biomasa comercializada por km2<\/li><\/ul><p>Las variables f\u00edsicas del oc\u00e9ano como la temperatura superficial o la concentraci\u00f3n de clorofila, procedentes de sat\u00e9lite a trav\u00e9s del programa europeo de observaci\u00f3n de la Tierra, Copernicus (<a href=\"https:\/\/www.copernicus.eu\/\">www.copernicus.eu<\/a>).<\/p>\t\t\t\t\t\t\t\t<\/div>\n\t\t\t\t<\/div>\n\t\t\t\t<div class=\"elementor-element elementor-element-e9d9778 elementor-widget elementor-widget-text-editor\" data-id=\"e9d9778\" data-element_type=\"widget\" data-e-type=\"widget\" data-widget_type=\"text-editor.default\">\n\t\t\t\t<div class=\"elementor-widget-container\">\n\t\t\t\t\t\t\t\t\t<p>Debido a los procesos de validaci\u00f3n de datos, la antig\u00fcedad m\u00ednima de los datos representados es de 6 meses.<\/p>\n\t\t\t\t\t\t\t\t<\/div>\n\t\t\t\t<\/div>\n\t\t\t\t<\/div>\n\t\t\t\t<\/div>\n\t\t\t\t<\/div>\n\t\t","protected":false},"excerpt":{"rendered":"<p>Datos del seguimiento pesquero Composici\u00f3n de captura Frecuencia de tallas Mapa de muestreos El visor de datos pesqueros del ICATMAR permite explorar datos sobre la flota pesquera comercial en Catalu\u00f1a. La aplicaci\u00f3n ha sido desarrollada inicialmente por la Xarxa Mar\u00edtima de Catalunya (BlueNetCat), que est\u00e1 financiada por la Generalitat de Catalunya y el Fondo Europeo [&hellip;]<\/p>\n","protected":false},"author":4,"featured_media":0,"parent":3654,"menu_order":0,"comment_status":"closed","ping_status":"closed","template":"elementor_header_footer","meta":{"_acf_changed":false,"footnotes":""},"class_list":["post-3658","page","type-page","status-publish","hentry"],"acf":[],"_links":{"self":[{"href":"https:\/\/www.icatmar.cat\/es\/wp-json\/wp\/v2\/pages\/3658","targetHints":{"allow":["GET"]}}],"collection":[{"href":"https:\/\/www.icatmar.cat\/es\/wp-json\/wp\/v2\/pages"}],"about":[{"href":"https:\/\/www.icatmar.cat\/es\/wp-json\/wp\/v2\/types\/page"}],"author":[{"embeddable":true,"href":"https:\/\/www.icatmar.cat\/es\/wp-json\/wp\/v2\/users\/4"}],"replies":[{"embeddable":true,"href":"https:\/\/www.icatmar.cat\/es\/wp-json\/wp\/v2\/comments?post=3658"}],"version-history":[{"count":14,"href":"https:\/\/www.icatmar.cat\/es\/wp-json\/wp\/v2\/pages\/3658\/revisions"}],"predecessor-version":[{"id":7271,"href":"https:\/\/www.icatmar.cat\/es\/wp-json\/wp\/v2\/pages\/3658\/revisions\/7271"}],"up":[{"embeddable":true,"href":"https:\/\/www.icatmar.cat\/es\/wp-json\/wp\/v2\/pages\/3654"}],"wp:attachment":[{"href":"https:\/\/www.icatmar.cat\/es\/wp-json\/wp\/v2\/media?parent=3658"}],"curies":[{"name":"wp","href":"https:\/\/api.w.org\/{rel}","templated":true}]}}