{"id":3652,"date":"2023-02-23T19:13:56","date_gmt":"2023-02-23T18:13:56","guid":{"rendered":"http:\/\/visap-int.icm.csic.es\/quienes-somos\/historia\/"},"modified":"2024-03-15T14:00:33","modified_gmt":"2024-03-15T13:00:33","slug":"historia","status":"publish","type":"page","link":"https:\/\/www.icatmar.cat\/es\/quienes-somos\/historia\/","title":{"rendered":"historia"},"content":{"rendered":"\t\t<div data-elementor-type=\"wp-page\" data-elementor-id=\"3652\" class=\"elementor elementor-3652 elementor-1831\" data-elementor-post-type=\"page\">\n\t\t\t\t<div class=\"elementor-element elementor-element-12ab370 e-con-full e-flex e-con e-parent\" data-id=\"12ab370\" data-element_type=\"container\" data-e-type=\"container\" data-settings=\"{&quot;background_background&quot;:&quot;classic&quot;}\">\n\t\t<div class=\"elementor-element elementor-element-a99fb38 e-con-full e-flex e-con e-parent\" data-id=\"a99fb38\" data-element_type=\"container\" data-e-type=\"container\" data-settings=\"{&quot;background_background&quot;:&quot;classic&quot;}\">\n\t\t\t\t<div class=\"elementor-element elementor-element-696d07a elementor-widget elementor-widget-heading\" data-id=\"696d07a\" data-element_type=\"widget\" data-e-type=\"widget\" data-widget_type=\"heading.default\">\n\t\t\t\t<div class=\"elementor-widget-container\">\n\t\t\t\t\t<h1 class=\"elementor-heading-title elementor-size-default\">breve historia del icatmar<\/h1>\t\t\t\t<\/div>\n\t\t\t\t<\/div>\n\t\t\t\t<\/div>\n\t\t<div class=\"elementor-element elementor-element-926c5ea e-con-full e-flex e-con e-parent\" data-id=\"926c5ea\" data-element_type=\"container\" data-e-type=\"container\" data-settings=\"{&quot;background_background&quot;:&quot;classic&quot;}\">\n\t\t\t\t<\/div>\n\t\t\t\t<\/div>\n\t\t<div class=\"elementor-element elementor-element-d291ae5 e-con-full e-flex e-con e-parent\" data-id=\"d291ae5\" data-element_type=\"container\" data-e-type=\"container\">\n\t\t<div class=\"elementor-element elementor-element-3acf3cf e-con-full e-flex e-con e-parent\" data-id=\"3acf3cf\" data-element_type=\"container\" data-e-type=\"container\">\n\t\t\t\t<div class=\"elementor-element elementor-element-8834a0c elementor-widget elementor-widget-heading\" data-id=\"8834a0c\" data-element_type=\"widget\" data-e-type=\"widget\" data-widget_type=\"heading.default\">\n\t\t\t\t<div class=\"elementor-widget-container\">\n\t\t\t\t\t<h2 class=\"elementor-heading-title elementor-size-default\">La larga trayectoria en la voluntad de Catalu\u00f1a de apostar por las ciencias marinas comienza en 1919, cuando la Mancomunidad present\u00f3 una propuesta de creaci\u00f3n de un Instituto de Oceanograf\u00eda de Catalu\u00f1a. <\/h2>\t\t\t\t<\/div>\n\t\t\t\t<\/div>\n\t\t\t\t<\/div>\n\t\t\t\t<\/div>\n\t\t<div class=\"elementor-element elementor-element-cd59769 e-con-full e-flex e-con e-parent\" data-id=\"cd59769\" data-element_type=\"container\" data-e-type=\"container\">\n\t\t<div class=\"elementor-element elementor-element-1e4fd9c e-con-full e-flex e-con e-parent\" data-id=\"1e4fd9c\" data-element_type=\"container\" data-e-type=\"container\" data-settings=\"{&quot;background_background&quot;:&quot;classic&quot;,&quot;shape_divider_bottom&quot;:&quot;tilt&quot;}\">\n\t\t\t\t<div class=\"elementor-shape elementor-shape-bottom\" aria-hidden=\"true\" data-negative=\"false\">\n\t\t\t<svg xmlns=\"http:\/\/www.w3.org\/2000\/svg\" viewBox=\"0 0 1000 100\" preserveAspectRatio=\"none\">\n\t<path class=\"elementor-shape-fill\" d=\"M0,6V0h1000v100L0,6z\"\/>\n<\/svg>\t\t<\/div>\n\t\t\t\t<div class=\"elementor-element elementor-element-53e8eb0 elementor-widget elementor-widget-heading\" data-id=\"53e8eb0\" data-element_type=\"widget\" data-e-type=\"widget\" data-widget_type=\"heading.default\">\n\t\t\t\t<div class=\"elementor-widget-container\">\n\t\t\t\t\t<h4 class=\"elementor-heading-title elementor-size-default\">La idea hist\u00f3rica de unir ciencia, divulgaci\u00f3n y cultura mar\u00edtima se ve reflejada hoy en la actividad actual del ICATMAR, con gran focalizaci\u00f3n en los procesos de cogesti\u00f3n y la colaboraci\u00f3n con el sector pesquero.<\/h4>\t\t\t\t<\/div>\n\t\t\t\t<\/div>\n\t\t\t\t<\/div>\n\t\t<div class=\"elementor-element elementor-element-5aaef02 e-con-full e-flex e-con e-parent\" data-id=\"5aaef02\" data-element_type=\"container\" data-e-type=\"container\">\n\t\t\t\t<div class=\"elementor-element elementor-element-883d8a8 elementor-widget elementor-widget-image\" data-id=\"883d8a8\" data-element_type=\"widget\" data-e-type=\"widget\" data-widget_type=\"image.default\">\n\t\t\t\t<div class=\"elementor-widget-container\">\n\t\t\t\t\t\t\t\t\t\t\t\t\t\t\t<img fetchpriority=\"high\" decoding=\"async\" width=\"640\" height=\"393\" src=\"https:\/\/www.icatmar.cat\/wp-content\/uploads\/2023\/02\/Historic1.jpg\" class=\"attachment-large size-large wp-image-3275\" alt=\"\" srcset=\"https:\/\/www.icatmar.cat\/wp-content\/uploads\/2023\/02\/Historic1.jpg 765w, https:\/\/www.icatmar.cat\/wp-content\/uploads\/2023\/02\/Historic1-300x184.jpg 300w\" sizes=\"(max-width: 640px) 100vw, 640px\" \/>\t\t\t\t\t\t\t\t\t\t\t\t\t\t\t<\/div>\n\t\t\t\t<\/div>\n\t\t\t\t<div class=\"elementor-element elementor-element-7643eef elementor-widget elementor-widget-text-editor\" data-id=\"7643eef\" data-element_type=\"widget\" data-e-type=\"widget\" data-widget_type=\"text-editor.default\">\n\t\t\t\t<div class=\"elementor-widget-container\">\n\t\t\t\t\t\t\t\t\t<p>Este proyecto, que combinaba la ciencia con la divulgaci\u00f3n y la promoci\u00f3n de la cultura mar\u00edtima, se vio interrumpido por la Guerra Civil espa\u00f1ola. Recuperada la democracia y con la aprobaci\u00f3n de la Constituci\u00f3n Espa\u00f1ola y el Estatuto de Autonom\u00eda de Catalu\u00f1a, se da la situaci\u00f3n propicia para la recuperaci\u00f3n de la iniciativa. Con la publicaci\u00f3n del Real Decreto 1964\/1982, de 30 de julio, sobre el traspaso de Servicios del Estado a la Generalitat de Catalunya en materia de servicios de investigaci\u00f3n oceanogr\u00e1fica, Catalu\u00f1a asume las funciones en investigaci\u00f3n oceanogr\u00e1fica que, adem\u00e1s de posibilitar la ordenaci\u00f3n, la planificaci\u00f3n, el fomento de la investigaci\u00f3n y la ejecuci\u00f3n de los correspondientes programas de investigaci\u00f3n, posibilita la creaci\u00f3n de centros de investigaci\u00f3n en materia de oceanograf\u00eda.<\/p>\n<p>Han tenido que pasar treinta y cinco a\u00f1os para poder dar al proyecto oceanogr\u00e1fico catal\u00e1n el empuje definitivo. Con la aprobaci\u00f3n en 2017 del Decreto 42\/2017, de 2 de mayo, de creaci\u00f3n del \u00f3rgano de cooperaci\u00f3n <em>Institut Catal\u00e0 de Recerca per a la Governan\u00e7a del Mar<\/em>, el ICATMAR se ha constituido <em>de facto<\/em>, por primera vez en la historia, en el Instituto Oceanogr\u00e1fico de Catalu\u00f1a.<\/p>\n\t\t\t\t\t\t\t\t<\/div>\n\t\t\t\t<\/div>\n\t\t\t\t<div class=\"elementor-element elementor-element-8b29518 elementor-widget elementor-widget-image\" data-id=\"8b29518\" data-element_type=\"widget\" data-e-type=\"widget\" data-widget_type=\"image.default\">\n\t\t\t\t<div class=\"elementor-widget-container\">\n\t\t\t\t\t\t\t\t\t\t\t\t\t\t\t<img decoding=\"async\" width=\"571\" height=\"274\" src=\"https:\/\/www.icatmar.cat\/wp-content\/uploads\/2023\/02\/Historic3.jpg\" class=\"attachment-large size-large wp-image-3281\" alt=\"\" srcset=\"https:\/\/www.icatmar.cat\/wp-content\/uploads\/2023\/02\/Historic3.jpg 571w, https:\/\/www.icatmar.cat\/wp-content\/uploads\/2023\/02\/Historic3-300x144.jpg 300w\" sizes=\"(max-width: 571px) 100vw, 571px\" \/>\t\t\t\t\t\t\t\t\t\t\t\t\t\t\t<\/div>\n\t\t\t\t<\/div>\n\t\t\t\t<div class=\"elementor-element elementor-element-3f49f2a elementor-widget elementor-widget-image\" data-id=\"3f49f2a\" data-element_type=\"widget\" data-e-type=\"widget\" data-widget_type=\"image.default\">\n\t\t\t\t<div class=\"elementor-widget-container\">\n\t\t\t\t\t\t\t\t\t\t\t\t\t\t\t<img decoding=\"async\" width=\"551\" height=\"700\" src=\"https:\/\/www.icatmar.cat\/wp-content\/uploads\/2023\/02\/Historic2.jpg\" class=\"attachment-large size-large wp-image-3279\" alt=\"\" srcset=\"https:\/\/www.icatmar.cat\/wp-content\/uploads\/2023\/02\/Historic2.jpg 551w, https:\/\/www.icatmar.cat\/wp-content\/uploads\/2023\/02\/Historic2-236x300.jpg 236w\" sizes=\"(max-width: 551px) 100vw, 551px\" \/>\t\t\t\t\t\t\t\t\t\t\t\t\t\t\t<\/div>\n\t\t\t\t<\/div>\n\t\t\t\t<div class=\"elementor-element elementor-element-0ac3796 elementor-widget elementor-widget-heading\" data-id=\"0ac3796\" data-element_type=\"widget\" data-e-type=\"widget\" data-widget_type=\"heading.default\">\n\t\t\t\t<div class=\"elementor-widget-container\">\n\t\t\t\t\t<span class=\"elementor-heading-title elementor-size-default\">Proyecto de Instituto Oceanogr\u00e1fico de Catalu\u00f1a, Barcelona 1919<\/span>\t\t\t\t<\/div>\n\t\t\t\t<\/div>\n\t\t\t\t<\/div>\n\t\t\t\t<\/div>\n\t\t\t\t<\/div>\n\t\t","protected":false},"excerpt":{"rendered":"<p>breve historia del icatmar La larga trayectoria en la voluntad de Catalu\u00f1a de apostar por las ciencias marinas comienza en 1919, cuando la Mancomunidad present\u00f3 una propuesta de creaci\u00f3n de un Instituto de Oceanograf\u00eda de Catalu\u00f1a. La idea hist\u00f3rica de unir ciencia, divulgaci\u00f3n y cultura mar\u00edtima se ve reflejada hoy en la actividad actual del [&hellip;]<\/p>\n","protected":false},"author":4,"featured_media":0,"parent":3646,"menu_order":0,"comment_status":"closed","ping_status":"closed","template":"elementor_header_footer","meta":{"_acf_changed":false,"footnotes":""},"class_list":["post-3652","page","type-page","status-publish","hentry"],"acf":[],"_links":{"self":[{"href":"https:\/\/www.icatmar.cat\/es\/wp-json\/wp\/v2\/pages\/3652","targetHints":{"allow":["GET"]}}],"collection":[{"href":"https:\/\/www.icatmar.cat\/es\/wp-json\/wp\/v2\/pages"}],"about":[{"href":"https:\/\/www.icatmar.cat\/es\/wp-json\/wp\/v2\/types\/page"}],"author":[{"embeddable":true,"href":"https:\/\/www.icatmar.cat\/es\/wp-json\/wp\/v2\/users\/4"}],"replies":[{"embeddable":true,"href":"https:\/\/www.icatmar.cat\/es\/wp-json\/wp\/v2\/comments?post=3652"}],"version-history":[{"count":2,"href":"https:\/\/www.icatmar.cat\/es\/wp-json\/wp\/v2\/pages\/3652\/revisions"}],"predecessor-version":[{"id":5768,"href":"https:\/\/www.icatmar.cat\/es\/wp-json\/wp\/v2\/pages\/3652\/revisions\/5768"}],"up":[{"embeddable":true,"href":"https:\/\/www.icatmar.cat\/es\/wp-json\/wp\/v2\/pages\/3646"}],"wp:attachment":[{"href":"https:\/\/www.icatmar.cat\/es\/wp-json\/wp\/v2\/media?parent=3652"}],"curies":[{"name":"wp","href":"https:\/\/api.w.org\/{rel}","templated":true}]}}