{"id":3650,"date":"2023-01-17T14:21:25","date_gmt":"2023-01-17T13:21:25","guid":{"rendered":"http:\/\/visap-int.icm.csic.es\/quienes-somos\/financiacion\/"},"modified":"2024-03-15T14:01:33","modified_gmt":"2024-03-15T13:01:33","slug":"financiacion","status":"publish","type":"page","link":"https:\/\/www.icatmar.cat\/es\/quienes-somos\/financiacion\/","title":{"rendered":"financiaci\u00f3n"},"content":{"rendered":"\t\t<div data-elementor-type=\"wp-page\" data-elementor-id=\"3650\" class=\"elementor elementor-3650 elementor-722\" data-elementor-post-type=\"page\">\n\t\t\t\t<div class=\"elementor-element elementor-element-761f98ff e-con-full e-flex e-con e-parent\" data-id=\"761f98ff\" data-element_type=\"container\" data-e-type=\"container\" data-settings=\"{&quot;background_background&quot;:&quot;classic&quot;}\">\n\t\t<div class=\"elementor-element elementor-element-66c66f89 e-con-full e-flex e-con e-parent\" data-id=\"66c66f89\" data-element_type=\"container\" data-e-type=\"container\" data-settings=\"{&quot;background_background&quot;:&quot;classic&quot;}\">\n\t\t\t\t<\/div>\n\t\t<div class=\"elementor-element elementor-element-5b18f343 e-con-full e-flex e-con e-parent\" data-id=\"5b18f343\" data-element_type=\"container\" data-e-type=\"container\" data-settings=\"{&quot;background_background&quot;:&quot;classic&quot;}\">\n\t\t\t\t<\/div>\n\t\t\t\t<\/div>\n\t\t<div class=\"elementor-element elementor-element-595aea5d e-con-full e-flex e-con e-parent\" data-id=\"595aea5d\" data-element_type=\"container\" data-e-type=\"container\">\n\t\t<div class=\"elementor-element elementor-element-4c3a87cb e-con-full e-flex e-con e-parent\" data-id=\"4c3a87cb\" data-element_type=\"container\" data-e-type=\"container\">\n\t\t\t\t<div class=\"elementor-element elementor-element-24a254ca elementor-widget elementor-widget-text-editor\" data-id=\"24a254ca\" data-element_type=\"widget\" data-e-type=\"widget\" data-widget_type=\"text-editor.default\">\n\t\t\t\t<div class=\"elementor-widget-container\">\n\t\t\t\t\t\t\t\t\t<p>Para el desarrollo de los programas de seguimiento, el ICATMAR cuenta con ingresos directos del Departamento de Acci\u00f3n Clim\u00e1tica, Alimentaci\u00f3n y Agenda Rural y con fondos de cofinanciaci\u00f3n procedentes del Fondo Europeo Mar\u00edtimo y de la Pesca (FEMP).<\/p>\n\t\t\t\t\t\t\t\t<\/div>\n\t\t\t\t<\/div>\n\t\t\t\t<\/div>\n\t\t<div class=\"elementor-element elementor-element-3397102a e-con-full e-flex e-con e-parent\" data-id=\"3397102a\" data-element_type=\"container\" data-e-type=\"container\">\n\t\t<div class=\"elementor-element elementor-element-2a50154 e-con-full e-flex e-con e-parent\" data-id=\"2a50154\" data-element_type=\"container\" data-e-type=\"container\">\n\t\t\t\t<div class=\"elementor-element elementor-element-7032a47 elementor-widget elementor-widget-image\" data-id=\"7032a47\" data-element_type=\"widget\" data-e-type=\"widget\" data-widget_type=\"image.default\">\n\t\t\t\t<div class=\"elementor-widget-container\">\n\t\t\t\t\t\t\t\t\t\t\t\t\t\t\t\t<a href=\"https:\/\/agricultura.gencat.cat\/ca\/inici\" target=\"_blank\">\n\t\t\t\t\t\t\t<img decoding=\"async\" width=\"203\" height=\"36\" src=\"https:\/\/www.icatmar.cat\/wp-content\/uploads\/2023\/02\/logo-generalitat-positiu.svg\" class=\"attachment-large size-large wp-image-3229\" alt=\"\" \/>\t\t\t\t\t\t\t\t<\/a>\n\t\t\t\t\t\t\t\t\t\t\t\t\t\t\t<\/div>\n\t\t\t\t<\/div>\n\t\t\t\t<div class=\"elementor-element elementor-element-e4286b7 elementor-widget elementor-widget-image\" data-id=\"e4286b7\" data-element_type=\"widget\" data-e-type=\"widget\" data-widget_type=\"image.default\">\n\t\t\t\t<div class=\"elementor-widget-container\">\n\t\t\t\t\t\t\t\t\t\t\t\t\t\t\t\t<a href=\"https:\/\/www.icm.csic.es\/ca\" target=\"_blank\">\n\t\t\t\t\t\t\t<img decoding=\"async\" width=\"157\" height=\"40\" src=\"https:\/\/www.icatmar.cat\/wp-content\/uploads\/2023\/02\/logo-ICM-positiu.svg\" class=\"attachment-large size-large wp-image-3227\" alt=\"\" \/>\t\t\t\t\t\t\t\t<\/a>\n\t\t\t\t\t\t\t\t\t\t\t\t\t\t\t<\/div>\n\t\t\t\t<\/div>\n\t\t\t\t<div class=\"elementor-element elementor-element-489537b elementor-widget elementor-widget-image\" data-id=\"489537b\" data-element_type=\"widget\" data-e-type=\"widget\" data-widget_type=\"image.default\">\n\t\t\t\t<div class=\"elementor-widget-container\">\n\t\t\t\t\t\t\t\t\t\t\t\t\t\t\t\t<a href=\"https:\/\/www.csic.es\/\" target=\"_blank\">\n\t\t\t\t\t\t\t<img decoding=\"async\" width=\"138\" height=\"28\" src=\"https:\/\/www.icatmar.cat\/wp-content\/uploads\/2023\/02\/logo-CSIC-positiu.svg\" class=\"attachment-large size-large wp-image-3225\" alt=\"\" \/>\t\t\t\t\t\t\t\t<\/a>\n\t\t\t\t\t\t\t\t\t\t\t\t\t\t\t<\/div>\n\t\t\t\t<\/div>\n\t\t\t\t<div class=\"elementor-element elementor-element-504e2e3 elementor-widget elementor-widget-image\" data-id=\"504e2e3\" data-element_type=\"widget\" data-e-type=\"widget\" data-widget_type=\"image.default\">\n\t\t\t\t<div class=\"elementor-widget-container\">\n\t\t\t\t\t\t\t\t\t\t\t\t\t\t\t<img loading=\"lazy\" decoding=\"async\" width=\"163\" height=\"42\" src=\"https:\/\/www.icatmar.cat\/wp-content\/uploads\/2023\/02\/logoUE.svg\" class=\"attachment-large size-large wp-image-3273\" alt=\"\" \/>\t\t\t\t\t\t\t\t\t\t\t\t\t\t\t<\/div>\n\t\t\t\t<\/div>\n\t\t\t\t<\/div>\n\t\t\t\t<\/div>\n\t\t\t\t<\/div>\n\t\t\t\t<\/div>\n\t\t","protected":false},"excerpt":{"rendered":"<p>Para el desarrollo de los programas de seguimiento, el ICATMAR cuenta con ingresos directos del Departamento de Acci\u00f3n Clim\u00e1tica, Alimentaci\u00f3n y Agenda Rural y con fondos de cofinanciaci\u00f3n procedentes del Fondo Europeo Mar\u00edtimo y de la Pesca (FEMP).<\/p>\n","protected":false},"author":4,"featured_media":0,"parent":3646,"menu_order":0,"comment_status":"closed","ping_status":"closed","template":"elementor_header_footer","meta":{"_acf_changed":false,"footnotes":""},"class_list":["post-3650","page","type-page","status-publish","hentry"],"acf":[],"_links":{"self":[{"href":"https:\/\/www.icatmar.cat\/es\/wp-json\/wp\/v2\/pages\/3650","targetHints":{"allow":["GET"]}}],"collection":[{"href":"https:\/\/www.icatmar.cat\/es\/wp-json\/wp\/v2\/pages"}],"about":[{"href":"https:\/\/www.icatmar.cat\/es\/wp-json\/wp\/v2\/types\/page"}],"author":[{"embeddable":true,"href":"https:\/\/www.icatmar.cat\/es\/wp-json\/wp\/v2\/users\/4"}],"replies":[{"embeddable":true,"href":"https:\/\/www.icatmar.cat\/es\/wp-json\/wp\/v2\/comments?post=3650"}],"version-history":[{"count":2,"href":"https:\/\/www.icatmar.cat\/es\/wp-json\/wp\/v2\/pages\/3650\/revisions"}],"predecessor-version":[{"id":5772,"href":"https:\/\/www.icatmar.cat\/es\/wp-json\/wp\/v2\/pages\/3650\/revisions\/5772"}],"up":[{"embeddable":true,"href":"https:\/\/www.icatmar.cat\/es\/wp-json\/wp\/v2\/pages\/3646"}],"wp:attachment":[{"href":"https:\/\/www.icatmar.cat\/es\/wp-json\/wp\/v2\/media?parent=3650"}],"curies":[{"name":"wp","href":"https:\/\/api.w.org\/{rel}","templated":true}]}}