{"id":3642,"date":"2023-01-28T12:52:38","date_gmt":"2023-01-28T11:52:38","guid":{"rendered":"http:\/\/visap-int.icm.csic.es\/publicaciones\/"},"modified":"2023-04-14T17:56:45","modified_gmt":"2023-04-14T15:56:45","slug":"publicaciones","status":"publish","type":"page","link":"https:\/\/www.icatmar.cat\/es\/publicaciones\/","title":{"rendered":"Publicaciones"},"content":{"rendered":"\t\t<div data-elementor-type=\"wp-page\" data-elementor-id=\"3642\" class=\"elementor elementor-3642 elementor-1025\" data-elementor-post-type=\"page\">\n\t\t\t\t<div class=\"elementor-element elementor-element-78f2864c e-con-full e-flex e-con e-parent\" data-id=\"78f2864c\" data-element_type=\"container\" data-e-type=\"container\" data-settings=\"{&quot;background_background&quot;:&quot;classic&quot;}\">\n\t\t<div class=\"elementor-element elementor-element-28cdf173 e-con-full e-flex e-con e-parent\" data-id=\"28cdf173\" data-element_type=\"container\" data-e-type=\"container\" data-settings=\"{&quot;background_background&quot;:&quot;classic&quot;}\">\n\t\t\t\t<\/div>\n\t\t<div class=\"elementor-element elementor-element-3de591b6 e-con-full e-flex e-con e-parent\" data-id=\"3de591b6\" data-element_type=\"container\" data-e-type=\"container\" data-settings=\"{&quot;background_background&quot;:&quot;classic&quot;}\">\n\t\t\t\t<div class=\"elementor-element elementor-element-66233357 elementor-widget elementor-widget-heading\" data-id=\"66233357\" data-element_type=\"widget\" data-e-type=\"widget\" data-widget_type=\"heading.default\">\n\t\t\t\t<div class=\"elementor-widget-container\">\n\t\t\t\t\t<h3 class=\"elementor-heading-title elementor-size-default\">El ICATMAR publica peri\u00f3dicamente diferentes tipos de documentos que encontrar\u00e1s accesibles para descargar.<\/h3>\t\t\t\t<\/div>\n\t\t\t\t<\/div>\n\t\t\t\t<\/div>\n\t\t\t\t<\/div>\n\t\t<div class=\"elementor-element elementor-element-551b6e0 e-con-full e-flex e-con e-parent\" data-id=\"551b6e0\" data-element_type=\"container\" data-e-type=\"container\">\n\t\t<div class=\"elementor-element elementor-element-6d17921 e-con-full e-flex e-con e-parent\" data-id=\"6d17921\" data-element_type=\"container\" data-e-type=\"container\">\n\t\t\t\t<div class=\"elementor-element elementor-element-cbe2d2d e-n-tabs-mobile elementor-widget elementor-widget-n-tabs\" data-id=\"cbe2d2d\" data-element_type=\"widget\" data-e-type=\"widget\" data-settings=\"{&quot;tabs_justify_horizontal&quot;:&quot;start&quot;,&quot;horizontal_scroll&quot;:&quot;disable&quot;}\" data-widget_type=\"nested-tabs.default\">\n\t\t\t\t<div class=\"elementor-widget-container\">\n\t\t\t\t\t\t\t<div class=\"e-n-tabs\" data-widget-number=\"213789997\" aria-label=\"Pesta\u00f1as. Abre elementos con Intro o Espacio, ci\u00e9rralos con Escape y navega con las fechas.\">\n\t\t\t<div class=\"e-n-tabs-heading\" role=\"tablist\">\n\t\t\t\t\t<button id=\"e-n-tab-title-2137899971\" data-tab-title-id=\"e-n-tab-title-2137899971\" class=\"e-n-tab-title\" aria-selected=\"true\" data-tab-index=\"1\" role=\"tab\" tabindex=\"0\" aria-controls=\"e-n-tab-content-2137899971\" style=\"--n-tabs-title-order: 1;\">\n\t\t\t\t\t\t<span class=\"e-n-tab-title-text\">\n\t\t\t\tInformes\t\t\t<\/span>\n\t\t<\/button>\n\t\t\t\t<button id=\"e-n-tab-title-2137899972\" data-tab-title-id=\"e-n-tab-title-2137899972\" class=\"e-n-tab-title\" aria-selected=\"false\" data-tab-index=\"2\" role=\"tab\" tabindex=\"-1\" aria-controls=\"e-n-tab-content-2137899972\" style=\"--n-tabs-title-order: 2;\">\n\t\t\t\t\t\t<span class=\"e-n-tab-title-text\">\n\t\t\t\tArt\u00edculos cient\u00edficos\t\t\t<\/span>\n\t\t<\/button>\n\t\t\t\t<button id=\"e-n-tab-title-2137899973\" data-tab-title-id=\"e-n-tab-title-2137899973\" class=\"e-n-tab-title\" aria-selected=\"false\" data-tab-index=\"3\" role=\"tab\" tabindex=\"-1\" aria-controls=\"e-n-tab-content-2137899973\" style=\"--n-tabs-title-order: 3;\">\n\t\t\t\t\t\t<span class=\"e-n-tab-title-text\">\n\t\t\t\tTrabajos de estudiantes\t\t\t<\/span>\n\t\t<\/button>\n\t\t\t\t<button id=\"e-n-tab-title-2137899974\" data-tab-title-id=\"e-n-tab-title-2137899974\" class=\"e-n-tab-title\" aria-selected=\"false\" data-tab-index=\"4\" role=\"tab\" tabindex=\"-1\" aria-controls=\"e-n-tab-content-2137899974\" style=\"--n-tabs-title-order: 4;\">\n\t\t\t\t\t\t<span class=\"e-n-tab-title-text\">\n\t\t\t\tMaterial divulgativo\t\t\t<\/span>\n\t\t<\/button>\n\t\t\t\t\t<\/div>\n\t\t\t<div class=\"e-n-tabs-content\">\n\t\t\t\t<div id=\"e-n-tab-content-2137899971\" role=\"tabpanel\" aria-labelledby=\"e-n-tab-title-2137899971\" data-tab-index=\"1\" style=\"--n-tabs-title-order: 1;\" class=\"e-active elementor-element elementor-element-45bab3e e-con-full e-flex e-con e-parent\" data-id=\"45bab3e\" data-element_type=\"container\" data-e-type=\"container\">\n\t\t\t\t<div class=\"elementor-element elementor-element-45184cd elementor-widget__width-initial commutador-mes elementor-widget elementor-widget-toggle\" data-id=\"45184cd\" data-element_type=\"widget\" data-e-type=\"widget\" data-widget_type=\"toggle.default\">\n\t\t\t\t<div class=\"elementor-widget-container\">\n\t\t\t\t\t\t\t<div class=\"elementor-toggle\">\n\t\t\t\t\t\t\t<div class=\"elementor-toggle-item\">\n\t\t\t\t\t<div id=\"elementor-tab-title-7241\" class=\"elementor-tab-title\" data-tab=\"1\" role=\"button\" aria-controls=\"elementor-tab-content-7241\" aria-expanded=\"false\">\n\t\t\t\t\t\t\t\t\t\t\t\t<span class=\"elementor-toggle-icon elementor-toggle-icon-right\" aria-hidden=\"true\">\n\t\t\t\t\t\t\t\t\t\t\t\t\t\t\t<span class=\"elementor-toggle-icon-closed\"><svg xmlns=\"http:\/\/www.w3.org\/2000\/svg\" width=\"16\" height=\"22\" viewBox=\"0 0 16 22\" fill=\"none\"><path d=\"M7.29289 21.7071C7.68341 22.0976 8.31658 22.0976 8.7071 21.7071L15.0711 15.3431C15.4616 14.9526 15.4616 14.3195 15.0711 13.9289C14.6805 13.5384 14.0474 13.5384 13.6568 13.9289L7.99999 19.5858L2.34314 13.9289C1.95262 13.5384 1.31945 13.5384 0.928927 13.9289C0.538403 14.3195 0.538403 14.9526 0.928927 15.3431L7.29289 21.7071ZM7 -3.37202e-07L6.99999 21L8.99999 21L9 3.37202e-07L7 -3.37202e-07Z\" fill=\"#0F3063\"><\/path><\/svg><\/span>\n\t\t\t\t\t\t\t\t<span class=\"elementor-toggle-icon-opened\"><svg xmlns=\"http:\/\/www.w3.org\/2000\/svg\" width=\"16\" height=\"22\" viewBox=\"0 0 16 22\" fill=\"none\"><path d=\"M8.70711 0.292893C8.31659 -0.097631 7.68342 -0.0976312 7.2929 0.292893L0.928936 6.65685C0.538412 7.04738 0.538411 7.68054 0.928936 8.07107C1.31946 8.46159 1.95262 8.46159 2.34315 8.07107L8 2.41421L13.6569 8.07107C14.0474 8.46159 14.6805 8.46159 15.0711 8.07107C15.4616 7.68055 15.4616 7.04738 15.0711 6.65686L8.70711 0.292893ZM9 22L9.00001 1L7.00001 1L7 22L9 22Z\" fill=\"#0F3063\"><\/path><\/svg><\/span>\n\t\t\t\t\t\t\t\t\t\t\t\t\t<\/span>\n\t\t\t\t\t\t\t\t\t\t\t\t<a class=\"elementor-toggle-title\" tabindex=\"0\">Despliega m\u00e1s informaci\u00f3n de los informes<\/a>\n\t\t\t\t\t<\/div>\n\n\t\t\t\t\t<div id=\"elementor-tab-content-7241\" class=\"elementor-tab-content elementor-clearfix\" data-tab=\"1\" role=\"region\" aria-labelledby=\"elementor-tab-title-7241\"><p><strong>Informe de capturas:<\/strong> publicado en marzo de cada a\u00f1o, recoge las variaciones de capturas, ingresos por ventas y precios de primera venta de las principales especies comerciales de todas las modalidades de pesca. Los datos representados proceden de las embarcaciones, marisqueo a pie y pesca en aguas continentales a pie que venden su captura en lonjas catalanas.<\/p>\n<p><strong>Informe del estado de las pesquer\u00edas:<\/strong> publicado el \u00faltimo trimestre del a\u00f1o, refleja los datos recogidos en el muestreo de seguimiento de la flota comercial catalana dentro de un mismo a\u00f1o (Ej: localizaci\u00f3n de los muestreos, composici\u00f3n de la captura, distribuci\u00f3n de las capturas de especies objetivo, ciclos de reproducci\u00f3n y distribuci\u00f3n de tallas de las especies objetivo, etc.).<\/p>\n<p><strong>Informe de evaluaci\u00f3n de stocks pesqueros:<\/strong> publicado el \u00faltimo trimestre del a\u00f1o, utiliza datos del programa de seguimiento de la flota de arrastre y datos externos que se introducen en modelos de evaluaci\u00f3n pesquera.<\/p>\n<p><strong>Informe de pesca marina recreativa:<\/strong> publicado en abril de cada a\u00f1o, refleja los datos recogidos en el programa de seguimiento de la pesca marina recreativa en Catalu\u00f1a dentro de un mismo a\u00f1o (composici\u00f3n de las capturas, distribuci\u00f3n del esfuerzo y el rendimiento de la actividad, aspectos humanos, etc.).<\/p>\n<p><strong>Informe socioecon\u00f3mico:<\/strong> incluye la informaci\u00f3n recogida en los estudios socioecon\u00f3micos realizados.<\/p>\n<p><strong>Manuales:<\/strong> incluyen informaci\u00f3n detallada sobre c\u00f3mo se han procesado las observaciones, las lecturas que se han hecho, as\u00ed como toda la informaci\u00f3n necesaria para utilizar los datos y los productos generados por el ICATMAR.<\/p>\n<p><strong>Otros informes:<\/strong> consideraciones t\u00e9cnicas sobre otros temas como pueden ser la selectividad de las artes, las \u00e1reas marinas protegidas o las recomendaciones en materia de gesti\u00f3n pesquera.<\/p>\n<\/div>\n\t\t\t\t<\/div>\n\t\t\t\t\t\t\t\t<\/div>\n\t\t\t\t\t\t<\/div>\n\t\t\t\t<\/div>\n\t\t\t\t<div class=\"elementor-element elementor-element-730e2b1 elementor-grid-1 elementor-grid-widescreen-1 elementor-grid-laptop-1 elementor-grid-tablet-1 elementor-grid-mobile-1 elementor-widget elementor-widget-loop-grid\" data-id=\"730e2b1\" data-element_type=\"widget\" data-e-type=\"widget\" data-settings=\"{&quot;template_id&quot;:&quot;370&quot;,&quot;columns&quot;:1,&quot;columns_widescreen&quot;:1,&quot;columns_laptop&quot;:1,&quot;columns_tablet&quot;:1,&quot;_skin&quot;:&quot;post&quot;,&quot;columns_mobile&quot;:&quot;1&quot;,&quot;edit_handle_selector&quot;:&quot;[data-elementor-type=\\&quot;loop-item\\&quot;]&quot;,&quot;row_gap&quot;:{&quot;unit&quot;:&quot;px&quot;,&quot;size&quot;:&quot;&quot;,&quot;sizes&quot;:[]},&quot;row_gap_widescreen&quot;:{&quot;unit&quot;:&quot;px&quot;,&quot;size&quot;:&quot;&quot;,&quot;sizes&quot;:[]},&quot;row_gap_laptop&quot;:{&quot;unit&quot;:&quot;px&quot;,&quot;size&quot;:&quot;&quot;,&quot;sizes&quot;:[]},&quot;row_gap_tablet&quot;:{&quot;unit&quot;:&quot;px&quot;,&quot;size&quot;:&quot;&quot;,&quot;sizes&quot;:[]},&quot;row_gap_mobile&quot;:{&quot;unit&quot;:&quot;px&quot;,&quot;size&quot;:&quot;&quot;,&quot;sizes&quot;:[]}}\" data-widget_type=\"loop-grid.post\">\n\t\t\t\t<div class=\"elementor-widget-container\">\n\t\t\t\t\t\t\t<div class=\"e-loop-nothing-found-message\">\n\t\t<\/div>\n\t\t\t\t\t\t<\/div>\n\t\t\t\t<\/div>\n\t\t\t\t<\/div>\n\t\t<div id=\"e-n-tab-content-2137899972\" role=\"tabpanel\" aria-labelledby=\"e-n-tab-title-2137899972\" data-tab-index=\"2\" style=\"--n-tabs-title-order: 2;\" class=\" elementor-element elementor-element-2479295 e-con-full e-flex e-con e-parent\" data-id=\"2479295\" data-element_type=\"container\" data-e-type=\"container\">\n\t\t\t\t<div class=\"elementor-element elementor-element-8d695e9 elementor-widget elementor-widget-heading\" data-id=\"8d695e9\" data-element_type=\"widget\" data-e-type=\"widget\" data-widget_type=\"heading.default\">\n\t\t\t\t<div class=\"elementor-widget-container\">\n\t\t\t\t\t<h3 class=\"elementor-heading-title elementor-size-default\">Publicaciones en revistas indexadas.<\/h3>\t\t\t\t<\/div>\n\t\t\t\t<\/div>\n\t\t\t\t<div class=\"elementor-element elementor-element-9feab7b elementor-grid-1 elementor-grid-widescreen-1 elementor-grid-laptop-1 elementor-grid-tablet-1 elementor-grid-mobile-1 elementor-widget elementor-widget-loop-grid\" data-id=\"9feab7b\" data-element_type=\"widget\" data-e-type=\"widget\" data-settings=\"{&quot;template_id&quot;:&quot;370&quot;,&quot;columns&quot;:1,&quot;columns_widescreen&quot;:1,&quot;columns_laptop&quot;:1,&quot;columns_tablet&quot;:1,&quot;_skin&quot;:&quot;post&quot;,&quot;columns_mobile&quot;:&quot;1&quot;,&quot;edit_handle_selector&quot;:&quot;[data-elementor-type=\\&quot;loop-item\\&quot;]&quot;,&quot;row_gap&quot;:{&quot;unit&quot;:&quot;px&quot;,&quot;size&quot;:&quot;&quot;,&quot;sizes&quot;:[]},&quot;row_gap_widescreen&quot;:{&quot;unit&quot;:&quot;px&quot;,&quot;size&quot;:&quot;&quot;,&quot;sizes&quot;:[]},&quot;row_gap_laptop&quot;:{&quot;unit&quot;:&quot;px&quot;,&quot;size&quot;:&quot;&quot;,&quot;sizes&quot;:[]},&quot;row_gap_tablet&quot;:{&quot;unit&quot;:&quot;px&quot;,&quot;size&quot;:&quot;&quot;,&quot;sizes&quot;:[]},&quot;row_gap_mobile&quot;:{&quot;unit&quot;:&quot;px&quot;,&quot;size&quot;:&quot;&quot;,&quot;sizes&quot;:[]}}\" data-widget_type=\"loop-grid.post\">\n\t\t\t\t<div class=\"elementor-widget-container\">\n\t\t\t\t\t\t\t<div class=\"e-loop-nothing-found-message\">\n\t\t<\/div>\n\t\t\t\t\t\t<\/div>\n\t\t\t\t<\/div>\n\t\t\t\t<\/div>\n\t\t<div id=\"e-n-tab-content-2137899973\" role=\"tabpanel\" aria-labelledby=\"e-n-tab-title-2137899973\" data-tab-index=\"3\" style=\"--n-tabs-title-order: 3;\" class=\" elementor-element elementor-element-2f2dd36 e-con-full e-flex e-con e-parent\" data-id=\"2f2dd36\" data-element_type=\"container\" data-e-type=\"container\">\n\t\t\t\t<div class=\"elementor-element elementor-element-44f1b37 elementor-widget elementor-widget-heading\" data-id=\"44f1b37\" data-element_type=\"widget\" data-e-type=\"widget\" data-widget_type=\"heading.default\">\n\t\t\t\t<div class=\"elementor-widget-container\">\n\t\t\t\t\t<h3 class=\"elementor-heading-title elementor-size-default\">Documentos producidos como trabajos finales de grado o m\u00e1ster por estudiantes que se han formado en el equipo del ICATMAR.<\/h3>\t\t\t\t<\/div>\n\t\t\t\t<\/div>\n\t\t\t\t<div class=\"elementor-element elementor-element-297957c elementor-grid-1 elementor-grid-widescreen-1 elementor-grid-laptop-1 elementor-grid-tablet-1 elementor-grid-mobile-1 elementor-widget elementor-widget-loop-grid\" data-id=\"297957c\" data-element_type=\"widget\" data-e-type=\"widget\" data-settings=\"{&quot;template_id&quot;:&quot;370&quot;,&quot;columns&quot;:1,&quot;columns_widescreen&quot;:1,&quot;columns_laptop&quot;:1,&quot;columns_tablet&quot;:1,&quot;_skin&quot;:&quot;post&quot;,&quot;columns_mobile&quot;:&quot;1&quot;,&quot;edit_handle_selector&quot;:&quot;[data-elementor-type=\\&quot;loop-item\\&quot;]&quot;,&quot;row_gap&quot;:{&quot;unit&quot;:&quot;px&quot;,&quot;size&quot;:&quot;&quot;,&quot;sizes&quot;:[]},&quot;row_gap_widescreen&quot;:{&quot;unit&quot;:&quot;px&quot;,&quot;size&quot;:&quot;&quot;,&quot;sizes&quot;:[]},&quot;row_gap_laptop&quot;:{&quot;unit&quot;:&quot;px&quot;,&quot;size&quot;:&quot;&quot;,&quot;sizes&quot;:[]},&quot;row_gap_tablet&quot;:{&quot;unit&quot;:&quot;px&quot;,&quot;size&quot;:&quot;&quot;,&quot;sizes&quot;:[]},&quot;row_gap_mobile&quot;:{&quot;unit&quot;:&quot;px&quot;,&quot;size&quot;:&quot;&quot;,&quot;sizes&quot;:[]}}\" data-widget_type=\"loop-grid.post\">\n\t\t\t\t<div class=\"elementor-widget-container\">\n\t\t\t\t\t\t\t<div class=\"e-loop-nothing-found-message\">\n\t\t<\/div>\n\t\t\t\t\t\t<\/div>\n\t\t\t\t<\/div>\n\t\t\t\t<\/div>\n\t\t<div id=\"e-n-tab-content-2137899974\" role=\"tabpanel\" aria-labelledby=\"e-n-tab-title-2137899974\" data-tab-index=\"4\" style=\"--n-tabs-title-order: 4;\" class=\" elementor-element elementor-element-c07a8e0 e-con-full e-flex e-con e-parent\" data-id=\"c07a8e0\" data-element_type=\"container\" data-e-type=\"container\">\n\t\t\t\t<div class=\"elementor-element elementor-element-f11b6d5 elementor-widget elementor-widget-heading\" data-id=\"f11b6d5\" data-element_type=\"widget\" data-e-type=\"widget\" data-widget_type=\"heading.default\">\n\t\t\t\t<div class=\"elementor-widget-container\">\n\t\t\t\t\t<h3 class=\"elementor-heading-title elementor-size-default\">Posters, tr\u00edpticos, gu\u00edas y fichas generadas para distribuir la informaci\u00f3n a p\u00fablicos diversos.\u2003<\/h3>\t\t\t\t<\/div>\n\t\t\t\t<\/div>\n\t\t\t\t<div class=\"elementor-element elementor-element-6db0587 elementor-grid-1 elementor-grid-widescreen-1 elementor-grid-laptop-1 elementor-grid-tablet-1 elementor-grid-mobile-1 elementor-widget elementor-widget-loop-grid\" data-id=\"6db0587\" data-element_type=\"widget\" data-e-type=\"widget\" data-settings=\"{&quot;template_id&quot;:&quot;370&quot;,&quot;columns&quot;:1,&quot;columns_widescreen&quot;:1,&quot;columns_laptop&quot;:1,&quot;columns_tablet&quot;:1,&quot;_skin&quot;:&quot;post&quot;,&quot;columns_mobile&quot;:&quot;1&quot;,&quot;edit_handle_selector&quot;:&quot;[data-elementor-type=\\&quot;loop-item\\&quot;]&quot;,&quot;row_gap&quot;:{&quot;unit&quot;:&quot;px&quot;,&quot;size&quot;:&quot;&quot;,&quot;sizes&quot;:[]},&quot;row_gap_widescreen&quot;:{&quot;unit&quot;:&quot;px&quot;,&quot;size&quot;:&quot;&quot;,&quot;sizes&quot;:[]},&quot;row_gap_laptop&quot;:{&quot;unit&quot;:&quot;px&quot;,&quot;size&quot;:&quot;&quot;,&quot;sizes&quot;:[]},&quot;row_gap_tablet&quot;:{&quot;unit&quot;:&quot;px&quot;,&quot;size&quot;:&quot;&quot;,&quot;sizes&quot;:[]},&quot;row_gap_mobile&quot;:{&quot;unit&quot;:&quot;px&quot;,&quot;size&quot;:&quot;&quot;,&quot;sizes&quot;:[]}}\" data-widget_type=\"loop-grid.post\">\n\t\t\t\t<div class=\"elementor-widget-container\">\n\t\t\t\t\t\t\t<div class=\"e-loop-nothing-found-message\">\n\t\t<\/div>\n\t\t\t\t\t\t<\/div>\n\t\t\t\t<\/div>\n\t\t\t\t<\/div>\n\t\t\t\t\t<\/div>\n\t\t<\/div>\n\t\t\t\t\t\t<\/div>\n\t\t\t\t<\/div>\n\t\t\t\t<\/div>\n\t\t\t\t<\/div>\n\t\t\t\t<\/div>\n\t\t","protected":false},"excerpt":{"rendered":"<p>El ICATMAR publica peri\u00f3dicamente diferentes tipos de documentos que encontrar\u00e1s accesibles para descargar. Informes Art\u00edculos cient\u00edficos Trabajos de estudiantes Material divulgativo Informes Despliega m\u00e1s informaci\u00f3n de los informes Informe de capturas: publicado en marzo de cada a\u00f1o, recoge las variaciones de capturas, ingresos por ventas y precios de primera venta de las principales especies comerciales [&hellip;]<\/p>\n","protected":false},"author":4,"featured_media":0,"parent":0,"menu_order":0,"comment_status":"closed","ping_status":"closed","template":"elementor_header_footer","meta":{"_acf_changed":false,"footnotes":""},"class_list":["post-3642","page","type-page","status-publish","hentry"],"acf":[],"_links":{"self":[{"href":"https:\/\/www.icatmar.cat\/es\/wp-json\/wp\/v2\/pages\/3642","targetHints":{"allow":["GET"]}}],"collection":[{"href":"https:\/\/www.icatmar.cat\/es\/wp-json\/wp\/v2\/pages"}],"about":[{"href":"https:\/\/www.icatmar.cat\/es\/wp-json\/wp\/v2\/types\/page"}],"author":[{"embeddable":true,"href":"https:\/\/www.icatmar.cat\/es\/wp-json\/wp\/v2\/users\/4"}],"replies":[{"embeddable":true,"href":"https:\/\/www.icatmar.cat\/es\/wp-json\/wp\/v2\/comments?post=3642"}],"version-history":[{"count":0,"href":"https:\/\/www.icatmar.cat\/es\/wp-json\/wp\/v2\/pages\/3642\/revisions"}],"wp:attachment":[{"href":"https:\/\/www.icatmar.cat\/es\/wp-json\/wp\/v2\/media?parent=3642"}],"curies":[{"name":"wp","href":"https:\/\/api.w.org\/{rel}","templated":true}]}}